{"id":2352,"date":"2022-01-05T14:46:47","date_gmt":"2022-01-05T14:46:47","guid":{"rendered":"https:\/\/velstana.com\/en-savoir-plus\/"},"modified":"2022-06-21T10:13:05","modified_gmt":"2022-06-21T10:13:05","slug":"en-savoir-plus","status":"publish","type":"page","link":"https:\/\/velstana.com\/fr\/en-savoir-plus\/","title":{"rendered":"En savoir plus"},"content":{"rendered":"\n<h2 class=\"wp-block-heading\" id=\"one-of-a-kind-and-100-customised\">Unique et 100% sur mesure<\/h2>\n\n<p>Nous pensons que chaque voyage est personnel. Les forfaits de voyage pr\u00e9fabriqu\u00e9s et identiques pour tous ne sont pas le choix le plus adapt\u00e9 pour d\u00e9couvrir r\u00e9ellement une nouvelle destination dans la mesure o\u00f9 chaque voyageur a des attentes diff\u00e9rentes. A contrario, l&rsquo;approche sur mesure vous offre la meilleure solution pour avoir un voyage adapt\u00e9 \u00e0 vos besoins et vos envies. <\/p>\n\n<p>Que vous ayez ou non une id\u00e9e pr\u00e9cise de ce que vous recherchez, nous vous guiderons dans la cr\u00e9ation de votre s\u00e9jour cousu main \u00e0 un prix abordable. <\/p>\n\n<p>Afin de garantir que chaque d\u00e9tail de votre voyage est construit autour de vous, nous pensons qu&rsquo;un rendez-vous t\u00e9l\u00e9phonique ou vid\u00e9o est le moyen id\u00e9al pour cerner vos envies, votre style de voyage et vos besoins. Nous serons \u00e0 votre \u00e9coute et vous pourrez nous poser toutes vos questions. <\/p>\n\n<p>Ensemble, nous allons construire un voyage unique, \u00e0 votre image.<\/p>\n\n<p>Tout (ou presque) est modulable dans la personnalisation de votre voyage : de l&rsquo;h\u00e9bergement aux activit\u00e9s en passant par l\u2019organisation de l&rsquo;itin\u00e9raire. <\/p>\n\n<h2 class=\"wp-block-heading\" id=\"customising-your-trip-from-top-to-tail\">Personnalisez votre voyage du d\u00e9but \u00e0 la fin<\/h2>\n\n<h3 class=\"wp-block-heading\" id=\"your-general-travel-arrangements\">L\u2019organisation de votre circuit<\/h3>\n\n<ul class=\"wp-block-list\"><li>La dur\u00e9e et le rythme<\/li><li>Le style de voyage<\/li><li>Le niveau de confort<\/li><li>Le(s) th\u00e8me(s) de votre choix<\/li><li>Un carnet de voyage personnel d\u00e9taillant entre autres votre itin\u00e9raire unique (sous format \u00e9lectronique et sur une application smartphone pratique)<\/li><li>Des vacances sans stress <\/li><li>Un correspondant \u00e0 votre \u00e9coute tout au long de votre voyage <\/li><\/ul>\n\n<h3 class=\"wp-block-heading\" id=\"transport-during-your-trip\">Transport durant votre voyage <\/h3>\n\n<ul class=\"wp-block-list\"><li>Cr\u00e9ons ensemble le meilleur itin\u00e9raire selon vos envies <\/li><li>Accueil \u00e0 l&rsquo;a\u00e9roport et transfert priv\u00e9 vers l\u2019h\u00f4tel<\/li><li>Location de voiture, transferts priv\u00e9s ou voiture priv\u00e9e avec chauffeur<\/li><li>Classe de voiture de location<\/li><li>Des options suppl\u00e9mentaires selon vos besoins et vos envies (conducteur suppl\u00e9mentaire, assurance suppl\u00e9mentaire, si\u00e8ge enfant, GPS, hotspot Wi-Fi mobile, etc.)<\/li><li>Choisir o\u00f9 et quand vous souhaitez r\u00e9cup\u00e9rer\/restituer la voiture : par exemple, \u00e0 l&rsquo;a\u00e9roport ou \u00e0 l&rsquo;adresse de l&rsquo;h\u00f4tel<\/li><\/ul>\n\n<h3 class=\"wp-block-heading\" id=\"activities-and-experiences-based-on-your-tastes\">Des activit\u00e9s et des exp\u00e9riences selon vos envies<\/h3>\n\n<ul class=\"wp-block-list\"><li>Pour chaque destination, nous avons soigneusement s\u00e9lectionn\u00e9 un large \u00e9ventail d&rsquo;exp\u00e9riences et d&rsquo;activit\u00e9s qui sauront inspirer et ravir chaque voyageur. <\/li><li>Choisissez parmi diff\u00e9rentes exp\u00e9riences et combinez-les \u00e0 votre guise afin de personnaliser votre voyage: culture et traditions; nature et activit\u00e9s outdoor; vacances \u00e0 la mer; sports d&rsquo;hiver; bien-\u00eatre, gastronomie et vin ; secrets, mythes et l\u00e9gendes. <\/li><li>Des activit\u00e9s organis\u00e9es sp\u00e9cialement pour vous : par exemple, des visites guid\u00e9es privatives, des activit\u00e9s et sports outdoor (par exemple, randonn\u00e9e, rafting, \u00e9quitation, observation de la faune), une d\u00e9gustation de vins, des escape games, des massages et soins de bien-\u00eatre, etc.<\/li><li>Adapter chaque activit\u00e9 au profil du voyageur (\u00e2ge, niveau, dur\u00e9e, envies). <\/li><li>Des adresses privil\u00e9gi\u00e9es: nous vous aiderons \u00e0 d\u00e9couvrir des endroits \u201csecrets\u201d incroyables que d&rsquo;autres voyageurs manqueraient et vous pr\u00e9senterons les principales attractions touristiques sous un nouvel angle.<\/li><\/ul>\n\n<h3 class=\"wp-block-heading\" id=\"hand-picked-accommodation-and-catering\">Des choix d\u2019h\u00e9bergements et de restauration tri\u00e9s sur le volet<\/h3>\n\n<ul class=\"wp-block-list\"><li>Le choix du type et de la cat\u00e9gorie d&rsquo;h\u00e9bergement :<ul><li>H\u00f4tel ou chambre d&rsquo;h\u00f4tes<\/li><\/ul><\/li><li>Le choix de la restauration : <ul><li>Les repas inclus dans votre offre<\/li><li>Des suggestions de restaurants pour le d\u00e9jeuner et le d\u00eener <\/li><li>La prise en compte de vos restrictions alimentaires <\/li><\/ul><\/li><\/ul>\n\n<figure class=\"wp-block-pullquote\"><blockquote><p><strong>Commen\u00e7ons \u00e0 construire ensemble le voyage parfait, juste pour vous !<\/strong><\/p><\/blockquote><\/figure>\n\n<div class=\"alignfull create-your-trip-block\">\n\n    <div class='max-width'>\n\n\t<div class=\"content\">\n\n\t    <h3 class=\"block-title\">Pr\u00eat ? Commencez \u00e0 pr\u00e9parer vos vacances<\/h3>\n\n\t    <div class='text'>\n\t\t<a href=\"https:\/\/velstana.com\/create-your-holidays\/\" class=\"btn btn-outline-bold\">Cr\u00e9er mon voyage&nbsp;><\/a>\n\t    <\/div>\n\n\t<\/div>\n\n    <\/div>\n\n<\/div>\n","protected":false},"excerpt":{"rendered":"<p>Unique et 100% sur mesure Nous pensons que chaque voyage est personnel. Les forfaits de&hellip;<\/p>\n","protected":false},"author":1,"featured_media":323,"parent":0,"menu_order":0,"comment_status":"closed","ping_status":"closed","template":"","meta":{"_acf_changed":false,"footnotes":""},"class_list":["post-2352","page","type-page","status-publish","has-post-thumbnail","hentry"],"acf":[],"_links":{"self":[{"href":"https:\/\/velstana.com\/fr\/wp-json\/wp\/v2\/pages\/2352","targetHints":{"allow":["GET"]}}],"collection":[{"href":"https:\/\/velstana.com\/fr\/wp-json\/wp\/v2\/pages"}],"about":[{"href":"https:\/\/velstana.com\/fr\/wp-json\/wp\/v2\/types\/page"}],"author":[{"embeddable":true,"href":"https:\/\/velstana.com\/fr\/wp-json\/wp\/v2\/users\/1"}],"replies":[{"embeddable":true,"href":"https:\/\/velstana.com\/fr\/wp-json\/wp\/v2\/comments?post=2352"}],"version-history":[{"count":0,"href":"https:\/\/velstana.com\/fr\/wp-json\/wp\/v2\/pages\/2352\/revisions"}],"wp:featuredmedia":[{"embeddable":true,"href":"https:\/\/velstana.com\/fr\/wp-json\/wp\/v2\/media\/323"}],"wp:attachment":[{"href":"https:\/\/velstana.com\/fr\/wp-json\/wp\/v2\/media?parent=2352"}],"curies":[{"name":"wp","href":"https:\/\/api.w.org\/{rel}","templated":true}]}}