{"id":2363,"date":"2022-02-11T10:43:23","date_gmt":"2022-02-11T10:43:23","guid":{"rendered":"https:\/\/velstana.com\/mentions-legales\/"},"modified":"2025-12-30T13:49:18","modified_gmt":"2025-12-30T13:49:18","slug":"mentions-legales","status":"publish","type":"page","link":"https:\/\/velstana.com\/fr\/mentions-legales\/","title":{"rendered":"Mentions l\u00e9gales"},"content":{"rendered":"\n<h3 class=\"wp-block-heading\" id=\"hosting\">\u00c9diteur<\/h3>\n\n\n\n<p>Le site Web www.velstana.com est \u00e9dit\u00e9 par la soci\u00e9t\u00e9 Velstana, SAS au capital de 20 000 \u20ac dont le si\u00e8ge social est situ\u00e9 au 6, rue d\u2019Armaill\u00e9, 75017 Paris, France.<\/p>\n\n\n\n<p>Immatriculation au RCS de Paris sous le num\u00e9ro 909 283 624. <\/p>\n\n\n\n<p>Licence d\u2019op\u00e9rateur de voyages n\u00b0 IM075220015<\/p>\n\n\n\n<h3 class=\"wp-block-heading\" id=\"hosting\">H\u00e9bergement<\/h3>\n\n\n\n<p>Ce site est h\u00e9berg\u00e9 par la soci\u00e9t\u00e9 Kinsta Inc., dont le si\u00e8ge social est situ\u00e9 8605 Santa Monica Blvd #92581 West Hollywood, CA 90069 &#8211; \u00c9tats-Unis.<\/p>\n\n\n\n<h3 class=\"wp-block-heading\" id=\"development\">D\u00e9veloppement<\/h3>\n\n\n\n<p>Romain Ch\u00e9rot, SIRET 80112270600022<\/p>\n\n\n\n<p><strong>Agence WordPress<\/strong><\/p>\n\n\n\n<p><a href=\"https:\/\/www.maintenance-wp.fr\/\">Maintenance WP<\/a><\/p>\n\n\n\n<h3 class=\"wp-block-heading\" id=\"while-velstana-has-done-its-utmost-to-ensure-the-accuracy-of-information-published-on-this-website-it-is-possible-that-some-sections-might-be-incomplete-out-of-date-or-incorrect-you-should-therefore-verify-all-such-information-with-us-before-making-or-refrain-from-making-any-decision-or-taking-or-refrain-from-taking-any-action-in-reliance-upon-it\">Protection des donn\u00e9es<\/h3>\n\n\n\n<p>Vous pouvez d\u00e9couvrir comment nous collectons et utilisons vos donn\u00e9es dans notre <a href=\"https:\/\/velstana.com\/fr\/politique-de-confidentialite\/\" data-type=\"page\" data-id=\"3\">politique de confidentialit\u00e9<\/a>.<\/p>\n\n\n\n<h3 class=\"wp-block-heading\" id=\"while-velstana-has-done-its-utmost-to-ensure-the-accuracy-of-information-published-on-this-website-it-is-possible-that-some-sections-might-be-incomplete-out-of-date-or-incorrect-you-should-therefore-verify-all-such-information-with-us-before-making-or-refrain-from-making-any-decision-or-taking-or-refrain-from-taking-any-action-in-reliance-upon-it\">Avertissement<\/h3>\n\n\n\n<p>Bien que Velstana fasse tout son possible pour assurer l&rsquo;exactitude des informations publi\u00e9es sur ce site, il est possible que certaines sections soient incompl\u00e8tes, obsol\u00e8tes ou incorrectes. Vous devez donc v\u00e9rifier toutes ces informations avec nous avant de prendre (ou de vous abstenir de prendre) toute d\u00e9cision ou toute action sur la base de celles-ci. <\/p>\n\n\n\n<p>Velstana ne garantit pas que le site et\/ou son fonctionnement, le contenu ou le serveur qui le rend disponible sont exempts d&rsquo;erreurs ou de virus ou exempts d&rsquo;autres composants nuisibles. <\/p>\n\n\n\n<p>Velstana n&rsquo;est pas responsable de la maintenance et du contenu des sites Web de tiers et n&rsquo;est donc pas responsable des inexactitudes ou opinions trouv\u00e9es sur ces sites Web.<\/p>\n\n\n\n<h3 class=\"wp-block-heading\" id=\"governing-law\">Loi applicable<\/h3>\n\n\n\n<p>Ce site Web, y compris les pr\u00e9sentes mentions, est r\u00e9gi par le droit fran\u00e7ais. <\/p>\n\n\n<style>.wp-block-kadence-spacer.kt-block-spacer-_506a49-d9 .kt-block-spacer{height:60px;}.wp-block-kadence-spacer.kt-block-spacer-_506a49-d9 .kt-divider{border-top-width:1px;height:1px;border-top-color:#eee;width:80%;border-top-style:solid;}@media all and (max-width: 767px){.wp-block-kadence-spacer.kt-block-spacer-_506a49-d9 .kt-block-spacer{height:30px!important;}}<\/style>\n<div class=\"wp-block-kadence-spacer aligncenter kt-block-spacer-_506a49-d9\"><div class=\"kt-block-spacer kt-block-spacer-halign-center\" style=\"height:60px\"><\/div><\/div>\n","protected":false},"excerpt":{"rendered":"<p>\u00c9diteur Le site Web www.velstana.com est \u00e9dit\u00e9 par la soci\u00e9t\u00e9 Velstana, SAS au capital de&hellip;<\/p>\n","protected":false},"author":1,"featured_media":0,"parent":0,"menu_order":0,"comment_status":"closed","ping_status":"closed","template":"","meta":{"_acf_changed":false,"footnotes":""},"class_list":["post-2363","page","type-page","status-publish","hentry"],"acf":[],"_links":{"self":[{"href":"https:\/\/velstana.com\/fr\/wp-json\/wp\/v2\/pages\/2363","targetHints":{"allow":["GET"]}}],"collection":[{"href":"https:\/\/velstana.com\/fr\/wp-json\/wp\/v2\/pages"}],"about":[{"href":"https:\/\/velstana.com\/fr\/wp-json\/wp\/v2\/types\/page"}],"author":[{"embeddable":true,"href":"https:\/\/velstana.com\/fr\/wp-json\/wp\/v2\/users\/1"}],"replies":[{"embeddable":true,"href":"https:\/\/velstana.com\/fr\/wp-json\/wp\/v2\/comments?post=2363"}],"version-history":[{"count":1,"href":"https:\/\/velstana.com\/fr\/wp-json\/wp\/v2\/pages\/2363\/revisions"}],"predecessor-version":[{"id":8984,"href":"https:\/\/velstana.com\/fr\/wp-json\/wp\/v2\/pages\/2363\/revisions\/8984"}],"wp:attachment":[{"href":"https:\/\/velstana.com\/fr\/wp-json\/wp\/v2\/media?parent=2363"}],"curies":[{"name":"wp","href":"https:\/\/api.w.org\/{rel}","templated":true}]}}