{"id":2597,"date":"2021-11-15T19:43:05","date_gmt":"2021-11-15T19:43:05","guid":{"rendered":"https:\/\/velstana.com\/destinations\/"},"modified":"2024-12-13T17:34:57","modified_gmt":"2024-12-13T17:34:57","slug":"destinations","status":"publish","type":"page","link":"https:\/\/velstana.com\/fr\/destinations\/","title":{"rendered":"Destinations"},"content":{"rendered":"<style>#kt-layout-id_5b92d8-b2 > .kt-row-column-wrap{align-content:start;}:where(#kt-layout-id_5b92d8-b2 > .kt-row-column-wrap) > .wp-block-kadence-column{justify-content:start;}#kt-layout-id_5b92d8-b2 > .kt-row-column-wrap{column-gap:var(--global-kb-gap-md, 2rem);row-gap:var(--global-kb-gap-md, 2rem);max-width:1400px;margin-left:auto;margin-right:auto;padding-top:var( --global-kb-row-default-top, 25px );padding-bottom:var( --global-kb-row-default-bottom, 25px );padding-top:24px;padding-bottom:48px;grid-template-columns:minmax(0, 1fr);}#kt-layout-id_5b92d8-b2{background-color:#eceded;}#kt-layout-id_5b92d8-b2 > .kt-row-layout-overlay{opacity:0.30;}@media all and (max-width: 1024px){#kt-layout-id_5b92d8-b2 > .kt-row-column-wrap{grid-template-columns:minmax(0, 1fr);}}@media all and (max-width: 767px){#kt-layout-id_5b92d8-b2 > .kt-row-column-wrap{grid-template-columns:minmax(0, 1fr);}}<\/style>\n<div class=\"wp-block-kadence-rowlayout alignfull\"><div id=\"kt-layout-id_5b92d8-b2\" class=\"kt-row-layout-inner kt-row-has-bg kt-layout-id_5b92d8-b2\"><div class=\"kt-row-column-wrap kt-has-1-columns kt-gutter-default kt-v-gutter-default kt-row-valign-top kt-row-layout-equal kt-tab-layout-inherit kt-m-colapse-left-to-right kt-mobile-layout-row\"><style>.kadence-column_dffe5c-a2 > .kt-inside-inner-col{border-top-width:0px;border-right-width:0px;border-bottom-width:0px;border-left-width:0px;}.kadence-column_dffe5c-a2 > .kt-inside-inner-col,.kadence-column_dffe5c-a2 > .kt-inside-inner-col:before{border-top-left-radius:0px;border-top-right-radius:0px;border-bottom-right-radius:0px;border-bottom-left-radius:0px;}.kadence-column_dffe5c-a2 > .kt-inside-inner-col{column-gap:var(--global-kb-gap-sm, 1rem);}.kadence-column_dffe5c-a2 > .kt-inside-inner-col{flex-direction:column;}.kadence-column_dffe5c-a2 > .kt-inside-inner-col > .aligncenter{width:100%;}.kadence-column_dffe5c-a2 > .kt-inside-inner-col:before{opacity:0.3;}.kadence-column_dffe5c-a2{position:relative;}@media all and (max-width: 1024px){.kadence-column_dffe5c-a2 > .kt-inside-inner-col{flex-direction:column;justify-content:center;}}@media all and (max-width: 767px){.kadence-column_dffe5c-a2 > .kt-inside-inner-col{flex-direction:column;justify-content:center;}}<\/style>\n<div class=\"wp-block-kadence-column inner-column-1 kadence-column_dffe5c-a2\"><div class=\"kt-inside-inner-col\"><style>#kt-layout-id_04ccad-f9 > .kt-row-column-wrap{align-content:start;}:where(#kt-layout-id_04ccad-f9 > .kt-row-column-wrap) > .wp-block-kadence-column{justify-content:start;}#kt-layout-id_04ccad-f9 > .kt-row-column-wrap{column-gap:var(--global-kb-gap-md, 2rem);row-gap:var(--global-kb-gap-md, 2rem);max-width:1041px;margin-left:auto;margin-right:auto;padding-top:var( --global-kb-row-default-top, 25px );padding-bottom:var( --global-kb-row-default-bottom, 25px );padding-top:10px;padding-bottom:10px;grid-template-columns:minmax(0, 1fr);}#kt-layout-id_04ccad-f9 > .kt-row-layout-overlay{opacity:0.30;}@media all and (max-width: 1024px){#kt-layout-id_04ccad-f9 > .kt-row-column-wrap{grid-template-columns:minmax(0, 1fr);}}@media all and (max-width: 767px){#kt-layout-id_04ccad-f9 > .kt-row-column-wrap{grid-template-columns:minmax(0, 1fr);}}<\/style>\n<div class=\"wp-block-kadence-rowlayout alignnone\"><div id=\"kt-layout-id_04ccad-f9\" class=\"kt-row-layout-inner kt-layout-id_04ccad-f9\"><div class=\"kt-row-column-wrap kt-has-1-columns kt-gutter-default kt-v-gutter-default kt-row-valign-top kt-row-layout-equal kt-tab-layout-inherit kt-m-colapse-left-to-right kt-mobile-layout-row\"><style>.kadence-column_ccdd7c-6b > .kt-inside-inner-col{border-top-width:0px;border-right-width:0px;border-bottom-width:0px;border-left-width:0px;}.kadence-column_ccdd7c-6b > .kt-inside-inner-col,.kadence-column_ccdd7c-6b > .kt-inside-inner-col:before{border-top-left-radius:0px;border-top-right-radius:0px;border-bottom-right-radius:0px;border-bottom-left-radius:0px;}.kadence-column_ccdd7c-6b > .kt-inside-inner-col{column-gap:var(--global-kb-gap-sm, 1rem);}.kadence-column_ccdd7c-6b > .kt-inside-inner-col{flex-direction:column;}.kadence-column_ccdd7c-6b > .kt-inside-inner-col > .aligncenter{width:100%;}.kadence-column_ccdd7c-6b > .kt-inside-inner-col:before{opacity:0.3;}.kadence-column_ccdd7c-6b{position:relative;}@media all and (max-width: 1024px){.kadence-column_ccdd7c-6b > .kt-inside-inner-col{flex-direction:column;justify-content:center;}}@media all and (max-width: 767px){.kadence-column_ccdd7c-6b > .kt-inside-inner-col{flex-direction:column;justify-content:center;}}<\/style>\n<div class=\"wp-block-kadence-column inner-column-1 kadence-column_ccdd7c-6b\"><div class=\"kt-inside-inner-col\">\n<p class=\"has-text-align-center\"><strong>D\u00e9couvrez nos destinations myst\u00e9rieuses et fascinantes \u00e0 la fois, comme un local et non comme un touriste<\/strong>. <strong>Gr\u00e2ce \u00e0 notre expertise, vivez une exp\u00e9rience <\/strong><strong>unique<\/strong> <strong>qui va au-del\u00e0 du simple guide de voyage!<\/strong><\/p>\n<\/div><\/div>\n<\/div><\/div><\/div>\n\n\n\n\n            <div class='listing-container'>\n            \n<!-- template-parts\/teaser\/content.php -->\n\n<a id=\"post-7549\" class=\"listing-item post-7549 destinations type-destinations status-publish format-standard has-post-thumbnail hentry\" href='https:\/\/velstana.com\/fr\/destinations\/italie-du-nord-est-frioul-venetie-julienne\/'>\n\n    <div class='image' style=\"background-image: url('https:\/\/velstana.com\/wp-content\/uploads\/AdobeStock_187506817-480x360.jpeg')\">\n        <div class='overlay'><svg xmlns=\"http:\/\/www.w3.org\/2000\/svg\" x=\"0px\" y=\"0px\"\nwidth=\"40\" height=\"40\"\nviewBox=\"0 0 50 50\"\nstyle=\" fill:#fff;\"><path d=\"M 21 3 C 11.621094 3 4 10.621094 4 20 C 4 29.378906 11.621094 37 21 37 C 24.710938 37 28.140625 35.804688 30.9375 33.78125 L 44.09375 46.90625 L 46.90625 44.09375 L 33.90625 31.0625 C 36.460938 28.085938 38 24.222656 38 20 C 38 10.621094 30.378906 3 21 3 Z M 21 5 C 29.296875 5 36 11.703125 36 20 C 36 28.296875 29.296875 35 21 35 C 12.703125 35 6 28.296875 6 20 C 6 11.703125 12.703125 5 21 5 Z\"><\/path><\/svg><\/div>\n    <\/div>\n\n    <div class='text'>\n        <h3>Italie du Nord-Est: le Frioul-V\u00e9n\u00e9tie Julienne<\/h3>\n        <div class='excerpt'><p>D\u00e9couvrez le Frioul-V\u00e9n\u00e9tie Julienne, une destination secr\u00e8te situ\u00e9e \u00e0 l'extr\u00eame nord-est de l'Italie, qui regorge de nombreux tr\u00e9sors : qu'il sagisse de merveilles naturelles, d'un riche patrimoine culturel ou de d\u00e9lices culinaires.<\/p><\/div>\n    <\/div>\n\n<\/a>\n\n<!-- template-parts\/teaser\/content.php -->\n\n<a id=\"post-6855\" class=\"listing-item post-6855 destinations type-destinations status-publish format-standard has-post-thumbnail hentry\" href='https:\/\/velstana.com\/fr\/destinations\/slovenie\/'>\n\n    <div class='image' style=\"background-image: url('https:\/\/velstana.com\/wp-content\/uploads\/neven-krcmarek-pOWBHdgy1Lo-unsplash-480x360.jpg')\">\n        <div class='overlay'><svg xmlns=\"http:\/\/www.w3.org\/2000\/svg\" x=\"0px\" y=\"0px\"\nwidth=\"40\" height=\"40\"\nviewBox=\"0 0 50 50\"\nstyle=\" fill:#fff;\"><path d=\"M 21 3 C 11.621094 3 4 10.621094 4 20 C 4 29.378906 11.621094 37 21 37 C 24.710938 37 28.140625 35.804688 30.9375 33.78125 L 44.09375 46.90625 L 46.90625 44.09375 L 33.90625 31.0625 C 36.460938 28.085938 38 24.222656 38 20 C 38 10.621094 30.378906 3 21 3 Z M 21 5 C 29.296875 5 36 11.703125 36 20 C 36 28.296875 29.296875 35 21 35 C 12.703125 35 6 28.296875 6 20 C 6 11.703125 12.703125 5 21 5 Z\"><\/path><\/svg><\/div>\n    <\/div>\n\n    <div class='text'>\n        <h3>Slov\u00e9nie<\/h3>\n        <div class='excerpt'><p>D\u00e9couvrez la Slov\u00e9nie, une destination fascinante au c\u0153ur de l'Europe qui a tant \u00e0 offrir: des merveilles naturelles, un riche patrimoine culturel et des d\u00e9lices culinaires.<\/p><\/div>\n    <\/div>\n\n<\/a>\n\n<!-- template-parts\/teaser\/content.php -->\n\n<a id=\"post-6212\" class=\"listing-item post-6212 destinations type-destinations status-publish format-standard has-post-thumbnail hentry\" href='https:\/\/velstana.com\/fr\/destinations\/basilicate\/'>\n\n    <div class='image' style=\"background-image: url('https:\/\/velstana.com\/wp-content\/uploads\/AdobeStock_215514454-480x360.jpeg')\">\n        <div class='overlay'><svg xmlns=\"http:\/\/www.w3.org\/2000\/svg\" x=\"0px\" y=\"0px\"\nwidth=\"40\" height=\"40\"\nviewBox=\"0 0 50 50\"\nstyle=\" fill:#fff;\"><path d=\"M 21 3 C 11.621094 3 4 10.621094 4 20 C 4 29.378906 11.621094 37 21 37 C 24.710938 37 28.140625 35.804688 30.9375 33.78125 L 44.09375 46.90625 L 46.90625 44.09375 L 33.90625 31.0625 C 36.460938 28.085938 38 24.222656 38 20 C 38 10.621094 30.378906 3 21 3 Z M 21 5 C 29.296875 5 36 11.703125 36 20 C 36 28.296875 29.296875 35 21 35 C 12.703125 35 6 28.296875 6 20 C 6 11.703125 12.703125 5 21 5 Z\"><\/path><\/svg><\/div>\n    <\/div>\n\n    <div class='text'>\n        <h3>Italie du Sud: la Basilicate<\/h3>\n        <div class='excerpt'><p>D\u00e9couvrez la Basilicate, une destination fascinante du sud de l'Italie qui a tant \u00e0 offrir \u00e0 chaque voyageur, que ce soit pour son riche patrimoine culturel, son bord de mer, sa nature, mais aussi ses d\u00e9lices culinaires. <\/p><\/div>\n    <\/div>\n\n<\/a>\n\n<!-- template-parts\/teaser\/content.php -->\n\n<a id=\"post-5286\" class=\"listing-item post-5286 destinations type-destinations status-publish format-standard has-post-thumbnail hentry\" href='https:\/\/velstana.com\/fr\/destinations\/les-pouilles\/'>\n\n    <div class='image' style=\"background-image: url('https:\/\/velstana.com\/wp-content\/uploads\/AdobeStock_113801573-480x360.jpeg')\">\n        <div class='overlay'><svg xmlns=\"http:\/\/www.w3.org\/2000\/svg\" x=\"0px\" y=\"0px\"\nwidth=\"40\" height=\"40\"\nviewBox=\"0 0 50 50\"\nstyle=\" fill:#fff;\"><path d=\"M 21 3 C 11.621094 3 4 10.621094 4 20 C 4 29.378906 11.621094 37 21 37 C 24.710938 37 28.140625 35.804688 30.9375 33.78125 L 44.09375 46.90625 L 46.90625 44.09375 L 33.90625 31.0625 C 36.460938 28.085938 38 24.222656 38 20 C 38 10.621094 30.378906 3 21 3 Z M 21 5 C 29.296875 5 36 11.703125 36 20 C 36 28.296875 29.296875 35 21 35 C 12.703125 35 6 28.296875 6 20 C 6 11.703125 12.703125 5 21 5 Z\"><\/path><\/svg><\/div>\n    <\/div>\n\n    <div class='text'>\n        <h3>Italie du Sud: les Pouilles<\/h3>\n        <div class='excerpt'><p>Les Pouilles offrent la combinaison parfaite d'un patrimoine culturel et architectural unique, d'un littoral spectaculaire et de plages de r\u00eave, de panoramas naturels \u00e0 couper le souffle et d'aventures en plein air, ainsi que d'une cuisine d\u00e9licieuse.<\/p><\/div>\n    <\/div>\n\n<\/a>\n\n<!-- template-parts\/teaser\/content.php -->\n\n<a id=\"post-4506\" class=\"listing-item post-4506 destinations type-destinations status-publish format-standard has-post-thumbnail hentry\" href='https:\/\/velstana.com\/fr\/destinations\/albanie\/'>\n\n    <div class='image' style=\"background-image: url('https:\/\/velstana.com\/wp-content\/uploads\/AdobeStock_261858765-1-e1669886038936-480x360.jpeg')\">\n        <div class='overlay'><svg xmlns=\"http:\/\/www.w3.org\/2000\/svg\" x=\"0px\" y=\"0px\"\nwidth=\"40\" height=\"40\"\nviewBox=\"0 0 50 50\"\nstyle=\" fill:#fff;\"><path d=\"M 21 3 C 11.621094 3 4 10.621094 4 20 C 4 29.378906 11.621094 37 21 37 C 24.710938 37 28.140625 35.804688 30.9375 33.78125 L 44.09375 46.90625 L 46.90625 44.09375 L 33.90625 31.0625 C 36.460938 28.085938 38 24.222656 38 20 C 38 10.621094 30.378906 3 21 3 Z M 21 5 C 29.296875 5 36 11.703125 36 20 C 36 28.296875 29.296875 35 21 35 C 12.703125 35 6 28.296875 6 20 C 6 11.703125 12.703125 5 21 5 Z\"><\/path><\/svg><\/div>\n    <\/div>\n\n    <div class='text'>\n        <h3>Albanie<\/h3>\n        <div class='excerpt'><p>L'Albanie est un carrefour culturel au pass\u00e9 extraordinaire. Aujourd'hui, c'est un v\u00e9ritable paradis pour les voyageurs o\u00f9 vous pourrez profiter d'une mer turquoise chaude, de superbes montagnes et bien plus encore !<\/p><\/div>\n    <\/div>\n\n<\/a>\n\n<!-- template-parts\/teaser\/content.php -->\n\n<a id=\"post-231\" class=\"listing-item post-231 destinations type-destinations status-publish format-standard has-post-thumbnail hentry\" href='https:\/\/velstana.com\/fr\/destinations\/bulgarie\/'>\n\n    <div class='image' style=\"background-image: url('https:\/\/velstana.com\/wp-content\/uploads\/Example_Bulgaria_Culture-trip_Rila-monastery-with-frescoes-400x300.jpeg')\">\n        <div class='overlay'><svg xmlns=\"http:\/\/www.w3.org\/2000\/svg\" x=\"0px\" y=\"0px\"\nwidth=\"40\" height=\"40\"\nviewBox=\"0 0 50 50\"\nstyle=\" fill:#fff;\"><path d=\"M 21 3 C 11.621094 3 4 10.621094 4 20 C 4 29.378906 11.621094 37 21 37 C 24.710938 37 28.140625 35.804688 30.9375 33.78125 L 44.09375 46.90625 L 46.90625 44.09375 L 33.90625 31.0625 C 36.460938 28.085938 38 24.222656 38 20 C 38 10.621094 30.378906 3 21 3 Z M 21 5 C 29.296875 5 36 11.703125 36 20 C 36 28.296875 29.296875 35 21 35 C 12.703125 35 6 28.296875 6 20 C 6 11.703125 12.703125 5 21 5 Z\"><\/path><\/svg><\/div>\n    <\/div>\n\n    <div class='text'>\n        <h3>Bulgarie<\/h3>\n        <div class='excerpt'><p>Une destination fascinante avec son m\u00e9lange de culture, nature et aventures ! <\/p><\/div>\n    <\/div>\n\n<\/a>\n        <\/div>\n    \n\n<\/div><\/div>\n<\/div><\/div><\/div>\n\n            <div class='alignfull reviews-shortcode '>\n            <div class=\"max-width-large\">\n                <h3 class=\"block-title\">Ils ont voyag\u00e9 avec Velstana<\/h3>\n                <div class=\"reviews-container\">\n                    \n<div class=\"review-container\">\n    <div class=\"review\">\n\t<img loading=\"lazy\" decoding=\"async\" class=\"quote\" src=\"https:\/\/velstana.com\/wp-content\/themes\/go\/img\/double-quotes.png\" alt=\"quotes\" width=\"64\" height=\"64\" >\n\t<div class=\"review-content\">\n\t    <h3>Notre premier voyage en Bulgarie<\/h3>\n\t    <span class=\"go-foldable\"><span class=\"visible\">Premier voyage en Bulgarie et nous en revenons enchant\u00e9s ! De superbes montagnes et villages perch\u00e9s, un domaine skiable tr\u00e8s agr\u00e9able et moderne. Nous avons pu d\u00e9couvrir la culture bulgare, sa cuisine authentique et son riche patrimoine historique.<\/span><span class=\"hidden\"> Tout \u00e9tait parfaitement organis\u00e9 et personnalis\u00e9 pour satisfaire nos multiples envies. Nous repartirons sans h\u00e9sitation avec Velstana, il nous reste encore beaucoup \u00e0 d\u00e9couvrir !<\/span> <span class=\"read-more\">Lire la suite<\/span><span class=\"read-less\">Masquer<\/span><\/span>\t<\/div>\n\t<div class=\"review-profile\">\n\t    <img loading=\"lazy\" decoding=\"async\" class=\"picture\" src=\"https:\/\/velstana.com\/wp-content\/themes\/go\/img\/review-profile.png\" alt=\"profile-picture\" width=\"32\" height=\"32\" \/>\n\t    <div class=\"name\">\n\t\t<strong>St\u00e9phanie et Antoine<\/strong>\n\t\tCouple\t    <\/div>\n\t<\/div>\n    <\/div>\n<\/div>\n<div class=\"review-container\">\n    <div class=\"review\">\n\t<img loading=\"lazy\" decoding=\"async\" class=\"quote\" src=\"https:\/\/velstana.com\/wp-content\/themes\/go\/img\/double-quotes.png\" alt=\"quotes\" width=\"64\" height=\"64\" >\n\t<div class=\"review-content\">\n\t    <h3>De merveilleuses vacances en famille<\/h3>\n\t    <span class=\"go-foldable\"><span class=\"visible\">Nous avons pass\u00e9 d'excellentes vacances en Bulgarie, qui ont d\u00e9pass\u00e9 nos attentes. Velstana a concoct\u00e9 un itin\u00e9raire sur mesure qui nous convenait. Nous voulions \u00eatre davantage \"hors des sentiers battus\" mais toujours avec du confort. Tous les h\u00f4tels et chambres d'h\u00f4tes \u00e9taient parfaits.<\/span><span class=\"hidden\"> \nL'organisation du voyage nous garantissait que nous n'avions aucun souci \u00e0 nous faire tout au long de notre s\u00e9jour. Il n'y a eu aucun accroc. \nLe carnet de voyage fourni par Velstana \u00e9tait tr\u00e8s bien fait, pratique et facile \u00e0 utiliser sur nos smartphones. Toutes les activit\u00e9s comprises, comme l'\u00e9quitation, \u00e9taient tr\u00e8s agr\u00e9ables. Tout le monde \u00e9tait tr\u00e8s sympathique et accueillant. \nNous avons pu d\u00e9couvrir la Bulgarie de mani\u00e8re plus intime, conform\u00e9ment \u00e0 ce que nous voulions faire. Dans l'ensemble, le circuit a \u00e9t\u00e9 bien pens\u00e9 afin que nous ayons eu un m\u00e9lange d'exp\u00e9riences avec un \u00e9quilibre entre activit\u00e9 et moments de d\u00e9tente, ce qui correspondait \u00e0 nos envies. Des vacances dont on se souviendra! <\/span> <span class=\"read-more\">Lire la suite<\/span><span class=\"read-less\">Masquer<\/span><\/span>\t<\/div>\n\t<div class=\"review-profile\">\n\t    <img loading=\"lazy\" decoding=\"async\" class=\"picture\" src=\"https:\/\/velstana.com\/wp-content\/themes\/go\/img\/review-profile.png\" alt=\"profile-picture\" width=\"32\" height=\"32\" \/>\n\t    <div class=\"name\">\n\t\t<strong>Claire, Johan et leurs 2 enfants<\/strong>\n\t\tFamille\t    <\/div>\n\t<\/div>\n    <\/div>\n<\/div>\n<div class=\"review-container\">\n    <div class=\"review\">\n\t<img loading=\"lazy\" decoding=\"async\" class=\"quote\" src=\"https:\/\/velstana.com\/wp-content\/themes\/go\/img\/double-quotes.png\" alt=\"quotes\" width=\"64\" height=\"64\" >\n\t<div class=\"review-content\">\n\t    <h3>Un s\u00e9jour inoubliable en Albanie<\/h3>\n\t    <span class=\"go-foldable\"><span class=\"visible\">Nous avons pass\u00e9 un s\u00e9jour vraiment merveilleux en Albanie. L'itin\u00e9raire \u00e9tait parfait et l'h\u00e9bergement \u00e9tait excellent. Nous avons eu l'impression que Velstana avait \u00e9cout\u00e9 nos besoins de tr\u00e8s pr\u00e8s et qu'elle les avait satisfaits.\r\nNous ferons sans aucun doute appel \u00e0 leurs services \u00e0 nouveau.<\/span><\/span>\t<\/div>\n\t<div class=\"review-profile\">\n\t    <img loading=\"lazy\" decoding=\"async\" class=\"picture\" src=\"https:\/\/velstana.com\/wp-content\/themes\/go\/img\/review-profile.png\" alt=\"profile-picture\" width=\"32\" height=\"32\" \/>\n\t    <div class=\"name\">\n\t\t<strong>Kelly, Barry et leur fille<\/strong>\n\t\tFamille\t    <\/div>\n\t<\/div>\n    <\/div>\n<\/div>                <\/div>\n            <\/div>\n        <\/div>\n    \n\n\n<div class=\"alignfull create-your-trip-block\">\n\n    <div class='max-width'>\n\n\t<div class=\"content\">\n\n\t    <h3 class=\"block-title\">Pr\u00eat ? Commencez \u00e0 pr\u00e9parer vos vacances<\/h3>\n\n\t    <div class='text'>\n\t\t<a href=\"https:\/\/velstana.com\/create-your-holidays\/\" class=\"btn btn-outline-bold\">Cr\u00e9er mon voyage&nbsp;><\/a>\n\t    <\/div>\n\n\t<\/div>\n\n    <\/div>\n\n<\/div>\n","protected":false},"excerpt":{"rendered":"<p>D\u00e9couvrez nos destinations myst\u00e9rieuses et fascinantes \u00e0 la fois, comme un local et non comme&hellip;<\/p>\n","protected":false},"author":1,"featured_media":1083,"parent":0,"menu_order":0,"comment_status":"closed","ping_status":"closed","template":"","meta":{"_acf_changed":false,"footnotes":""},"class_list":["post-2597","page","type-page","status-publish","has-post-thumbnail","hentry"],"acf":[],"_links":{"self":[{"href":"https:\/\/velstana.com\/fr\/wp-json\/wp\/v2\/pages\/2597","targetHints":{"allow":["GET"]}}],"collection":[{"href":"https:\/\/velstana.com\/fr\/wp-json\/wp\/v2\/pages"}],"about":[{"href":"https:\/\/velstana.com\/fr\/wp-json\/wp\/v2\/types\/page"}],"author":[{"embeddable":true,"href":"https:\/\/velstana.com\/fr\/wp-json\/wp\/v2\/users\/1"}],"replies":[{"embeddable":true,"href":"https:\/\/velstana.com\/fr\/wp-json\/wp\/v2\/comments?post=2597"}],"version-history":[{"count":8,"href":"https:\/\/velstana.com\/fr\/wp-json\/wp\/v2\/pages\/2597\/revisions"}],"predecessor-version":[{"id":8222,"href":"https:\/\/velstana.com\/fr\/wp-json\/wp\/v2\/pages\/2597\/revisions\/8222"}],"wp:featuredmedia":[{"embeddable":true,"href":"https:\/\/velstana.com\/fr\/wp-json\/wp\/v2\/media\/1083"}],"wp:attachment":[{"href":"https:\/\/velstana.com\/fr\/wp-json\/wp\/v2\/media?parent=2597"}],"curies":[{"name":"wp","href":"https:\/\/api.w.org\/{rel}","templated":true}]}}