{"id":8370,"date":"2025-01-29T17:00:31","date_gmt":"2025-01-29T17:00:31","guid":{"rendered":"https:\/\/velstana.com\/?page_id=8370"},"modified":"2025-01-29T17:04:57","modified_gmt":"2025-01-29T17:04:57","slug":"albanie-exemples-voyages","status":"publish","type":"page","link":"https:\/\/velstana.com\/fr\/albanie-exemples-voyages\/","title":{"rendered":"Exemples de voyages sur mesure en Albanie"},"content":{"rendered":"<style>.kb-row-layout-id8369_063c05-a4 > .kt-row-column-wrap{align-content:start;}:where(.kb-row-layout-id8369_063c05-a4 > .kt-row-column-wrap) > .wp-block-kadence-column{justify-content:start;}.kb-row-layout-id8369_063c05-a4 > .kt-row-column-wrap{column-gap:var(--global-kb-gap-md, 2rem);row-gap:var(--global-kb-gap-md, 2rem);max-width:1400px;margin-left:auto;margin-right:auto;padding-top:24px;padding-bottom:48px;grid-template-columns:minmax(0, 1fr);}.kb-row-layout-id8369_063c05-a4{background-color:#eceded;}.kb-row-layout-id8369_063c05-a4 > .kt-row-layout-overlay{opacity:0.30;}@media all and (max-width: 1024px){.kb-row-layout-id8369_063c05-a4 > .kt-row-column-wrap{grid-template-columns:minmax(0, 1fr);}}@media all and (max-width: 767px){.kb-row-layout-id8369_063c05-a4 > .kt-row-column-wrap{grid-template-columns:minmax(0, 1fr);}}<\/style><div class=\"kb-row-layout-wrap kb-row-layout-id8369_063c05-a4 alignfull kt-row-has-bg wp-block-kadence-rowlayout\"><div class=\"kt-row-column-wrap kt-has-1-columns kt-row-layout-equal kt-tab-layout-inherit kt-mobile-layout-row kt-row-valign-top\">\n<style>.kadence-column8369_6e7e50-3f > .kt-inside-inner-col,.kadence-column8369_6e7e50-3f > .kt-inside-inner-col:before{border-top-left-radius:0px;border-top-right-radius:0px;border-bottom-right-radius:0px;border-bottom-left-radius:0px;}.kadence-column8369_6e7e50-3f > .kt-inside-inner-col{column-gap:var(--global-kb-gap-sm, 1rem);}.kadence-column8369_6e7e50-3f > .kt-inside-inner-col{flex-direction:column;}.kadence-column8369_6e7e50-3f > .kt-inside-inner-col > .aligncenter{width:100%;}.kadence-column8369_6e7e50-3f > .kt-inside-inner-col:before{opacity:0.3;}.kadence-column8369_6e7e50-3f{position:relative;}@media all and (max-width: 1024px){.kadence-column8369_6e7e50-3f > .kt-inside-inner-col{flex-direction:column;justify-content:center;}}@media all and (max-width: 767px){.kadence-column8369_6e7e50-3f > .kt-inside-inner-col{flex-direction:column;justify-content:center;}}<\/style>\n<div class=\"wp-block-kadence-column kadence-column8369_6e7e50-3f inner-column-1\"><div class=\"kt-inside-inner-col\"><style>.kb-row-layout-id8369_f8ff79-e7 > .kt-row-column-wrap{align-content:start;}:where(.kb-row-layout-id8369_f8ff79-e7 > .kt-row-column-wrap) > .wp-block-kadence-column{justify-content:start;}.kb-row-layout-id8369_f8ff79-e7 > .kt-row-column-wrap{column-gap:var(--global-kb-gap-md, 2rem);row-gap:var(--global-kb-gap-md, 2rem);max-width:760px;margin-left:auto;margin-right:auto;padding-top:0px;padding-bottom:0px;grid-template-columns:minmax(0, 1fr);}.kb-row-layout-id8369_f8ff79-e7 > .kt-row-layout-overlay{opacity:0.30;}@media all and (max-width: 1024px){.kb-row-layout-id8369_f8ff79-e7 > .kt-row-column-wrap{grid-template-columns:minmax(0, 1fr);}}@media all and (max-width: 767px){.kb-row-layout-id8369_f8ff79-e7 > .kt-row-column-wrap{grid-template-columns:minmax(0, 1fr);}}<\/style><div class=\"kb-row-layout-wrap kb-row-layout-id8369_f8ff79-e7 alignnone wp-block-kadence-rowlayout\"><div class=\"kt-row-column-wrap kt-has-1-columns kt-row-layout-equal kt-tab-layout-inherit kt-mobile-layout-row kt-row-valign-top\">\n<style>.kadence-column8369_e1e96e-e7 > .kt-inside-inner-col,.kadence-column8369_e1e96e-e7 > .kt-inside-inner-col:before{border-top-left-radius:0px;border-top-right-radius:0px;border-bottom-right-radius:0px;border-bottom-left-radius:0px;}.kadence-column8369_e1e96e-e7 > .kt-inside-inner-col{column-gap:var(--global-kb-gap-sm, 1rem);}.kadence-column8369_e1e96e-e7 > .kt-inside-inner-col{flex-direction:column;}.kadence-column8369_e1e96e-e7 > .kt-inside-inner-col > .aligncenter{width:100%;}.kadence-column8369_e1e96e-e7 > .kt-inside-inner-col:before{opacity:0.3;}.kadence-column8369_e1e96e-e7{position:relative;}@media all and (max-width: 1024px){.kadence-column8369_e1e96e-e7 > .kt-inside-inner-col{flex-direction:column;justify-content:center;}}@media all and (max-width: 767px){.kadence-column8369_e1e96e-e7 > .kt-inside-inner-col{flex-direction:column;justify-content:center;}}<\/style>\n<div class=\"wp-block-kadence-column kadence-column8369_e1e96e-e7 inner-column-1\"><div class=\"kt-inside-inner-col\">\n<p class=\"has-text-align-center\"><strong>D\u00e9couvrez l&rsquo;Albanie, une destination aux multiples facettes o\u00f9 vous trouverez un riche patrimoine, des plages de r\u00eave, des montagnes et une nature spectaculaires, ainsi qu&rsquo;une cuisine d\u00e9licieuse.<\/strong> <\/p>\n\n\n\n<p class=\"has-text-align-center\"><br\/><strong>Consultez nos exemples de voyages sur mesure pour vous donner quelques id\u00e9es, mais gardez \u00e0 l\u2019esprit que vos vacances seront conc\u0327ues par l\u2019un de nos experts \u00e0 vos c\u00f4t\u00e9s et adapt\u00e9es \u00e0 vos envies et vos besoins.<br\/> <\/strong><\/p>\n<\/div><\/div>\n\n<\/div><\/div>\n\n\n            <div class='listing-container'>\n            \n<!-- template-parts\/teaser\/content.php -->\n\n<a id=\"post-8010\" class=\"listing-item post-8010 examples type-examples status-publish has-post-thumbnail hentry category-albanie\" href='https:\/\/velstana.com\/fr\/examples\/vacances-avec-enfant-albanie\/'>\n\n    <div class='image' style=\"background-image: url('https:\/\/velstana.com\/wp-content\/uploads\/AdobeStock_143389192-480x360.jpeg')\">\n        <div class='overlay'><svg xmlns=\"http:\/\/www.w3.org\/2000\/svg\" x=\"0px\" y=\"0px\"\nwidth=\"40\" height=\"40\"\nviewBox=\"0 0 50 50\"\nstyle=\" fill:#fff;\"><path d=\"M 21 3 C 11.621094 3 4 10.621094 4 20 C 4 29.378906 11.621094 37 21 37 C 24.710938 37 28.140625 35.804688 30.9375 33.78125 L 44.09375 46.90625 L 46.90625 44.09375 L 33.90625 31.0625 C 36.460938 28.085938 38 24.222656 38 20 C 38 10.621094 30.378906 3 21 3 Z M 21 5 C 29.296875 5 36 11.703125 36 20 C 36 28.296875 29.296875 35 21 35 C 12.703125 35 6 28.296875 6 20 C 6 11.703125 12.703125 5 21 5 Z\"><\/path><\/svg><\/div>\n    <\/div>\n\n    <div class='text'>\n        <h3>Des vacances familiales d\u2019une semaine en Albanie<\/h3>\n        <div class='excerpt'><p>Une petite famille (les deux parents et leur enfant) pr\u00e9voit des vacances d'une semaine en Albanie l'\u00e9t\u00e9 prochain. Velstana leur a concoct\u00e9 un circuit sur mesure id\u00e9al. <\/p><\/div>\n    <\/div>\n\n<\/a>\n\n<!-- template-parts\/teaser\/content.php -->\n\n<a id=\"post-7694\" class=\"listing-item post-7694 examples type-examples status-publish has-post-thumbnail hentry\" href='https:\/\/velstana.com\/fr\/examples\/vacances-ete-famille-albanie\/'>\n\n    <div class='image' style=\"background-image: url('https:\/\/velstana.com\/wp-content\/uploads\/AdobeStock_191311041-480x360.jpeg')\">\n        <div class='overlay'><svg xmlns=\"http:\/\/www.w3.org\/2000\/svg\" x=\"0px\" y=\"0px\"\nwidth=\"40\" height=\"40\"\nviewBox=\"0 0 50 50\"\nstyle=\" fill:#fff;\"><path d=\"M 21 3 C 11.621094 3 4 10.621094 4 20 C 4 29.378906 11.621094 37 21 37 C 24.710938 37 28.140625 35.804688 30.9375 33.78125 L 44.09375 46.90625 L 46.90625 44.09375 L 33.90625 31.0625 C 36.460938 28.085938 38 24.222656 38 20 C 38 10.621094 30.378906 3 21 3 Z M 21 5 C 29.296875 5 36 11.703125 36 20 C 36 28.296875 29.296875 35 21 35 C 12.703125 35 6 28.296875 6 20 C 6 11.703125 12.703125 5 21 5 Z\"><\/path><\/svg><\/div>\n    <\/div>\n\n    <div class='text'>\n        <h3>Des vacances d&rsquo;\u00e9t\u00e9 en famille en Albanie<\/h3>\n        <div class='excerpt'><p>Une famille avec deux enfants \u00e2g\u00e9s de 9 et 11 ans souhaite passer des vacances d'\u00e9t\u00e9 en Albanie. Velstana a cr\u00e9\u00e9 \u00e0 leurs c\u00f4t\u00e9s un s\u00e9jour sur mesure inoubliable. <\/p><\/div>\n    <\/div>\n\n<\/a>\n\n<!-- template-parts\/teaser\/content.php -->\n\n<a id=\"post-4904\" class=\"listing-item post-4904 examples type-examples status-publish has-post-thumbnail hentry\" href='https:\/\/velstana.com\/fr\/examples\/vacances-aventure-famille-albanie\/'>\n\n    <div class='image' style=\"background-image: url('https:\/\/velstana.com\/wp-content\/uploads\/Unsplash-Albania-Rafting-480x360.jpg')\">\n        <div class='overlay'><svg xmlns=\"http:\/\/www.w3.org\/2000\/svg\" x=\"0px\" y=\"0px\"\nwidth=\"40\" height=\"40\"\nviewBox=\"0 0 50 50\"\nstyle=\" fill:#fff;\"><path d=\"M 21 3 C 11.621094 3 4 10.621094 4 20 C 4 29.378906 11.621094 37 21 37 C 24.710938 37 28.140625 35.804688 30.9375 33.78125 L 44.09375 46.90625 L 46.90625 44.09375 L 33.90625 31.0625 C 36.460938 28.085938 38 24.222656 38 20 C 38 10.621094 30.378906 3 21 3 Z M 21 5 C 29.296875 5 36 11.703125 36 20 C 36 28.296875 29.296875 35 21 35 C 12.703125 35 6 28.296875 6 20 C 6 11.703125 12.703125 5 21 5 Z\"><\/path><\/svg><\/div>\n    <\/div>\n\n    <div class='text'>\n        <h3>Vacances d&rsquo;aventure en famille en Albanie<\/h3>\n        <div class='excerpt'><p>Une famille de quatre pr\u00e9voit de passer des vacances actives en Albanie, m\u00ealant aventure, adr\u00e9naline, d\u00e9tente et d\u00e9couvertes culturelle et culinaire.<\/p><\/div>\n    <\/div>\n\n<\/a>\n\n<!-- template-parts\/teaser\/content.php -->\n\n<a id=\"post-7888\" class=\"listing-item post-7888 examples type-examples status-publish has-post-thumbnail hentry\" href='https:\/\/velstana.com\/fr\/examples\/vacances-ete-famille-inoubliables-albanie\/'>\n\n    <div class='image' style=\"background-image: url('https:\/\/velstana.com\/wp-content\/uploads\/AdobeStock_261858765-480x360.jpeg')\">\n        <div class='overlay'><svg xmlns=\"http:\/\/www.w3.org\/2000\/svg\" x=\"0px\" y=\"0px\"\nwidth=\"40\" height=\"40\"\nviewBox=\"0 0 50 50\"\nstyle=\" fill:#fff;\"><path d=\"M 21 3 C 11.621094 3 4 10.621094 4 20 C 4 29.378906 11.621094 37 21 37 C 24.710938 37 28.140625 35.804688 30.9375 33.78125 L 44.09375 46.90625 L 46.90625 44.09375 L 33.90625 31.0625 C 36.460938 28.085938 38 24.222656 38 20 C 38 10.621094 30.378906 3 21 3 Z M 21 5 C 29.296875 5 36 11.703125 36 20 C 36 28.296875 29.296875 35 21 35 C 12.703125 35 6 28.296875 6 20 C 6 11.703125 12.703125 5 21 5 Z\"><\/path><\/svg><\/div>\n    <\/div>\n\n    <div class='text'>\n        <h3>Des vacances d&rsquo;\u00e9t\u00e9 en famille inoubliables en Albanie<\/h3>\n        <div class='excerpt'><p>Une famille voulait passer des vacances d'\u00e9t\u00e9 inoubliables en Albanie. Ils souhaitaient d\u00e9couvrir ce magnifique pays et se d\u00e9tendre au bord de la mer. <\/p><\/div>\n    <\/div>\n\n<\/a>\n\n<!-- template-parts\/teaser\/content.php -->\n\n<a id=\"post-4932\" class=\"listing-item post-4932 examples type-examples status-publish has-post-thumbnail hentry\" href='https:\/\/velstana.com\/fr\/examples\/road-trip-ete-couple-albanie\/'>\n\n    <div class='image' style=\"background-image: url('https:\/\/velstana.com\/wp-content\/uploads\/AdobeStock_141268838-480x360.jpeg')\">\n        <div class='overlay'><svg xmlns=\"http:\/\/www.w3.org\/2000\/svg\" x=\"0px\" y=\"0px\"\nwidth=\"40\" height=\"40\"\nviewBox=\"0 0 50 50\"\nstyle=\" fill:#fff;\"><path d=\"M 21 3 C 11.621094 3 4 10.621094 4 20 C 4 29.378906 11.621094 37 21 37 C 24.710938 37 28.140625 35.804688 30.9375 33.78125 L 44.09375 46.90625 L 46.90625 44.09375 L 33.90625 31.0625 C 36.460938 28.085938 38 24.222656 38 20 C 38 10.621094 30.378906 3 21 3 Z M 21 5 C 29.296875 5 36 11.703125 36 20 C 36 28.296875 29.296875 35 21 35 C 12.703125 35 6 28.296875 6 20 C 6 11.703125 12.703125 5 21 5 Z\"><\/path><\/svg><\/div>\n    <\/div>\n\n    <div class='text'>\n        <h3>Un road trip estival en amoureux en Albanie<\/h3>\n        <div class='excerpt'><p>Un couple italien pr\u00e9voit de faire un road trip en Albanie pendant les vacances d'\u00e9t\u00e9 pour d\u00e9couvrir la culture locale, la nature, profiter des plages de sable, de la mer chaude et de la d\u00e9licieuse gastronomie.<\/p><\/div>\n    <\/div>\n\n<\/a>\n\n<!-- template-parts\/teaser\/content.php -->\n\n<a id=\"post-4871\" class=\"listing-item post-4871 examples type-examples status-publish has-post-thumbnail hentry\" href='https:\/\/velstana.com\/fr\/examples\/tour-culturel-albanie\/'>\n\n    <div class='image' style=\"background-image: url('https:\/\/velstana.com\/wp-content\/uploads\/AdobeStock_191311041-480x360.jpeg')\">\n        <div class='overlay'><svg xmlns=\"http:\/\/www.w3.org\/2000\/svg\" x=\"0px\" y=\"0px\"\nwidth=\"40\" height=\"40\"\nviewBox=\"0 0 50 50\"\nstyle=\" fill:#fff;\"><path d=\"M 21 3 C 11.621094 3 4 10.621094 4 20 C 4 29.378906 11.621094 37 21 37 C 24.710938 37 28.140625 35.804688 30.9375 33.78125 L 44.09375 46.90625 L 46.90625 44.09375 L 33.90625 31.0625 C 36.460938 28.085938 38 24.222656 38 20 C 38 10.621094 30.378906 3 21 3 Z M 21 5 C 29.296875 5 36 11.703125 36 20 C 36 28.296875 29.296875 35 21 35 C 12.703125 35 6 28.296875 6 20 C 6 11.703125 12.703125 5 21 5 Z\"><\/path><\/svg><\/div>\n    <\/div>\n\n    <div class='text'>\n        <h3>Un s\u00e9jour culturel en Albanie<\/h3>\n        <div class='excerpt'><p>Un groupe de 4 retrait\u00e9s pr\u00e9voit un s\u00e9jour de 10 jours en Albanie apr\u00e8s l'\u00e9t\u00e9 pour d\u00e9couvrir son patrimoine culturel. Velstana a \u00e9labor\u00e9 avec eux un s\u00e9jour inoubliable.<\/p><\/div>\n    <\/div>\n\n<\/a>\n\n<!-- template-parts\/teaser\/content.php -->\n\n<a id=\"post-4543\" class=\"listing-item post-4543 examples type-examples status-publish has-post-thumbnail hentry\" href='https:\/\/velstana.com\/fr\/examples\/un-sejour-randonnee-inoubliable-dans-les-alpes-albanaises\/'>\n\n    <div class='image' style=\"background-image: url('https:\/\/velstana.com\/wp-content\/uploads\/AdobeStock_470288917-480x360.jpeg')\">\n        <div class='overlay'><svg xmlns=\"http:\/\/www.w3.org\/2000\/svg\" x=\"0px\" y=\"0px\"\nwidth=\"40\" height=\"40\"\nviewBox=\"0 0 50 50\"\nstyle=\" fill:#fff;\"><path d=\"M 21 3 C 11.621094 3 4 10.621094 4 20 C 4 29.378906 11.621094 37 21 37 C 24.710938 37 28.140625 35.804688 30.9375 33.78125 L 44.09375 46.90625 L 46.90625 44.09375 L 33.90625 31.0625 C 36.460938 28.085938 38 24.222656 38 20 C 38 10.621094 30.378906 3 21 3 Z M 21 5 C 29.296875 5 36 11.703125 36 20 C 36 28.296875 29.296875 35 21 35 C 12.703125 35 6 28.296875 6 20 C 6 11.703125 12.703125 5 21 5 Z\"><\/path><\/svg><\/div>\n    <\/div>\n\n    <div class='text'>\n        <h3>Un s\u00e9jour-randonn\u00e9e inoubliable dans les Alpes albanaises<\/h3>\n        <div class='excerpt'><p>Un groupe de 4 amis part en randonn\u00e9e dans les Alpes albanaises pour d\u00e9couvrir les pics des Balkans. Velstana a construit avec eux un voyage sur mesure.<\/p><\/div>\n    <\/div>\n\n<\/a>\n        <\/div>\n    \n\n<\/div><\/div>\n\n<\/div><\/div>\n\r\n<div class=\"alignfull  reassurance-block\">\r\n\r\n    <div class='max-width'>\r\n\t\r\n\t<h3 class=\"centered block-title\">Pourquoi Choisir Velstana&nbsp;?<\/h3>\r\n\r\n\r\n\t<div class='reassurances'>\r\n\t    \r\n    \t    <a href=\"https:\/\/velstana.com\/why-travel-with-us\/\" class=\"reassurance\">\r\n\r\n\t\t    <span class=\"icon icon-add-contact\"><svg height=\"512pt\" viewBox=\"0 0 512 511\" width=\"512pt\" xmlns=\"http:\/\/www.w3.org\/2000\/svg\" xmlns:xlink=\"http:\/\/www.w3.org\/1999\/xlink\"><linearGradient id=\"a\" gradientUnits=\"userSpaceOnUse\" x1=\"256.0001972766\" x2=\"256.0001972766\" y1=\".5001002766\" y2=\"512.2164522766\"><stop offset=\"0\" stop-color=\"#2af598\"\/><stop offset=\"1\" stop-color=\"#009efd\"\/><\/linearGradient><path d=\"m322.535156 81.457031 28.269532-28.269531 49.972656 49.972656 82.953125-82.957031 28.269531 28.269531-111.222656 111.222656zm158.847656 54.171875c19.8125 36.785156 30.332032 78.121094 30.332032 121.078125 0 68.34375-26.613282 132.59375-74.9375 180.921875-48.324219 48.324219-112.578125 74.589844-180.917969 74.589844-68.34375 0-132.59375-26.265625-180.921875-74.589844-48.324219-48.328125-74.9375-112.578125-74.9375-180.921875 0-68.339843 26.613281-132.59375 74.9375-180.917969 48.328125-48.324218 112.578125-75.289062 180.921875-75.289062 27.058594 0 53.472656 4.539062 78.515625 12.578125l-32.664062 32.667969c-14.785157-3.210938-30.121094-4.917969-45.851563-4.917969-119.039063 0-215.882813 96.84375-215.882813 215.878906 0 54.457031 20.28125 104.265625 53.667969 142.285157 11.617188-51.980469 47.640625-94.84375 95.375-115.894532-19.929687-18.171875-32.457031-44.332031-32.457031-73.363281 0-54.75 44.542969-99.296875 99.296875-99.296875 54.75 0 99.292969 44.542969 99.292969 99.296875 0 29.03125-12.523438 55.191406-32.453125 73.363281 47.730469 21.050782 83.757812 63.914063 95.371093 115.894532 33.390626-38.023438 53.667969-87.828126 53.667969-142.285157 0-32.570312-7.265625-63.476562-20.238281-91.195312zm-225.523437 133.421875c32.707031 0 59.316406-26.609375 59.316406-59.316406 0-32.710937-26.609375-59.320313-59.316406-59.320313-32.710937 0-59.320313 26.609376-59.320313 59.320313 0 32.707031 26.609376 59.316406 59.320313 59.316406zm0 203.539063c47.070313 0 90.664063-15.15625 126.179687-40.828125-1.859374-67.992188-57.746093-122.734375-126.179687-122.734375s-124.324219 54.742187-126.179687 122.734375c35.515624 25.671875 79.105468 40.828125 126.179687 40.828125zm0 0\" fill=\"url(#a)\"\/><\/svg><\/span>\r\n    \t\t<div class=\"text\">\r\n    \t\t    <div class=\"title\">100% adapt\u00e9 \u00e0 vos envies et vos besoins<\/div>\r\n    \t\t        \t\t<\/div>\r\n    \t    <\/a>\r\n\r\n\t    \r\n    \t    <a href=\"https:\/\/velstana.com\/why-travel-with-us\/\" class=\"reassurance\">\r\n\r\n\t\t    <span class=\"icon icon-bubble-speak\"><svg height=\"512pt\" viewBox=\"0 0 511 512\" width=\"512pt\" xmlns=\"http:\/\/www.w3.org\/2000\/svg\" xmlns:xlink=\"http:\/\/www.w3.org\/1999\/xlink\"><linearGradient id=\"a\" gradientUnits=\"userSpaceOnUse\" x1=\"256.4931878083\" x2=\"256.4931878083\" y1=\"0\" y2=\"512.0003756166\"><stop offset=\"0\" stop-color=\"#2af598\"\/><stop offset=\"1\" stop-color=\"#009efd\"\/><\/linearGradient><path d=\"m192.496094 203.996094h139.996094v40h-139.996094zm0-40h199.992187v-39.996094h-199.992187zm256.800781 205.425781 19.222656 30.632813-36.199219-.066407c-.121093 0-.25 0-.382812 0-8.703125 0-43.1875-1.613281-75.90625-25.285156-8.066406 33.644531-26.996094 60.933594-55.632812 79.796875-30.277344 19.945312-71.742188 30.488281-119.902344 30.488281-13.664063 0-26.078125-.695312-37.628906-2.113281-28.074219 26.5-61.125 29.125-72.996094 29.125-.457032 0-.882813-.003906-1.277344-.011719h-37.664062l20.976562-30.964843c.46875-.746094 5.976562-9.707032 10.878906-25-40.828125-25.839844-62.285156-67.34375-62.285156-120.996094 0-31.972656 7.65625-59.769532 22.757812-82.621094 12.292969-18.59375 29.285157-33.621094 50.605469-44.765625-.898437-8.066406-1.367187-16.375-1.367187-24.933594 0-31.140625 5.972656-59.144531 17.75-83.238281 11.246094-23.003906 27.769531-42.488281 49.117187-57.910156 37.628907-27.1875 90.582031-41.558594 153.128907-41.558594 62.546874 0 115.5 14.371094 153.128906 41.558594 21.34375 15.421875 37.871094 34.90625 49.117187 57.910156 11.777344 24.09375 17.746094 52.097656 17.746094 83.238281 0 66.632813-27.164063 117.824219-78.792969 149.035157 6.941406 23.464843 15.503906 37.515624 15.605469 37.679687zm-131.90625-5.070313c-7.847656.421876-16.117187.636719-24.898437.636719-62.585938 0-115.527344-14.289062-153.097657-41.324219-21.359375-15.367187-37.890625-34.808593-49.140625-57.773437-2.722656-5.554687-5.117187-11.332031-7.21875-17.296875-28.238281 18.539062-42.535156 47.527344-42.535156 86.429688 0 44.039062 18.332031 75.410156 54.476562 93.238281l14.074219 6.941406-3.394531 15.320313c-1 4.519531-2.101562 8.777343-3.261719 12.761718 6.121094-3.414062 12.347657-8.152344 18.007813-14.730468l7.371094-8.5625 11.136718 1.894531c12.289063 2.085937 25.894532 3.101562 41.585938 3.101562 40.320312 0 74.171875-8.261719 97.902344-23.894531 20.355468-13.410156 33.421874-32.449219 38.992187-56.742188zm155.097656-181.644531c0-124.167969-112.773437-142.707031-179.996093-142.707031-67.222657 0-179.996094 18.539062-179.996094 142.707031 0 123.800781 112.773437 142.285157 179.996094 142.285157 20.578124 0 37.855468-1.238282 52.820312-3.777344l11.136719-1.894532 7.371093 8.5625c10.96875 12.742188 23.390626 20.441407 34.664063 25.089844-2.710937-7.933594-5.34375-16.972656-7.558594-26.972656l-3.394531-15.320312 14.070312-6.941407c47.035157-23.199219 70.886719-63.921875 70.886719-121.03125zm0 0\" fill=\"url(#a)\"\/><\/svg><\/span>\r\n    \t\t<div class=\"text\">\r\n    \t\t    <div class=\"title\">Tranquillit\u00e9 d'esprit<\/div>\r\n    \t\t        \t\t<\/div>\r\n    \t    <\/a>\r\n\r\n\t    \r\n    \t    <a href=\"https:\/\/velstana.com\/why-travel-with-us\/\" class=\"reassurance\">\r\n\r\n\t\t    <span class=\"icon icon-favourite\"><svg height=\"512pt\" viewBox=\"-64 0 512 512\" width=\"512pt\" xmlns=\"http:\/\/www.w3.org\/2000\/svg\" xmlns:xlink=\"http:\/\/www.w3.org\/1999\/xlink\"><linearGradient id=\"a\" gradientUnits=\"userSpaceOnUse\" x1=\"191.9947507883\" x2=\"191.9947507883\" y1=\"0\" y2=\"511.9997515766\"><stop offset=\"0\" stop-color=\"#2af598\"\/><stop offset=\"1\" stop-color=\"#009efd\"\/><\/linearGradient><path d=\"m0 512v-452.085938c0-33.035156 26.914062-59.914062 60-59.914062h263.992188c33.082031 0 59.996093 26.878906 59.996093 59.914062v451.457032l-191.96875-118.945313zm60-472c-11.03125 0-20 8.933594-20 19.914062v380.058594l151.96875-94.632812 152.019531 94.191406v-379.617188c0-10.980468-8.96875-19.914062-19.996093-19.914062zm195.71875 251.085938-63.722656-32.839844-63.726563 32.839844 12.183594-69.621094-52.050781-49.734375 71.886718-10.238281 31.707032-62.96875 31.703125 62.96875 71.890625 10.238281-52.054688 49.734375zm-63.722656-77.835938 10.4375 5.378906-1.980469-11.320312 7.945313-7.59375-11.027344-1.570313-5.375-10.679687-5.375 10.679687-11.027344 1.570313 7.945312 7.59375-1.980468 11.320312zm0 0\" fill=\"url(#a)\"\/><\/svg><\/span>\r\n    \t\t<div class=\"text\">\r\n    \t\t    <div class=\"title\">Le choix d\u2019exp\u00e9riences exclusives<\/div>\r\n    \t\t        \t\t<\/div>\r\n    \t    <\/a>\r\n\r\n\t    \r\n    \t    <a href=\"https:\/\/velstana.com\/why-travel-with-us\/\" class=\"reassurance\">\r\n\r\n\t\t    <span class=\"icon icon-location\"><svg id=\"Capa_1\" enable-background=\"new 0 0 512 512\" height=\"512\" viewBox=\"0 0 512 512\" width=\"512\" xmlns=\"http:\/\/www.w3.org\/2000\/svg\" xmlns:xlink=\"http:\/\/www.w3.org\/1999\/xlink\"><linearGradient id=\"SVGID_1_\" gradientUnits=\"userSpaceOnUse\" x1=\"256\" x2=\"256\" y1=\"512\" y2=\"0\"><stop offset=\"0\" stop-color=\"#009efd\"\/><stop offset=\"1\" stop-color=\"#2af598\"\/><\/linearGradient><g><g><path d=\"m256 448.027 134.784-201.95c16.497-25.455 25.216-55.221 25.216-86.077 0-88.224-71.775-160-160-160-88.224 0-160 71.776-160 160 0 30.857 8.72 60.622 25.216 86.077zm0-408.027c66.168 0 120 53.832 120 120 0 23.075-6.471 45.277-18.714 64.216l-101.286 151.757-101.286-151.757c-12.243-18.938-18.714-41.14-18.714-64.216 0-66.168 53.832-120 120-120zm120.371 303.244-27.893 28.67 14.695 14.301c5.853 5.791 12.827 14.965 12.827 25.785s-6.975 19.994-12.826 25.785c-21.323 21.105-62.39 34.215-107.174 34.215-44.785 0-85.852-13.11-107.175-34.215-5.851-5.791-12.825-14.965-12.825-25.785s6.975-19.994 12.834-25.793l14.688-14.293-27.893-28.67-14.941 14.542c-16.151 15.984-24.688 34.731-24.688 54.214s8.537 38.23 24.688 54.215c28.966 28.669 79.55 45.785 135.312 45.785s106.346-17.116 135.312-45.785c16.151-15.985 24.688-34.732 24.688-54.215s-8.537-38.23-24.68-54.207zm-120.371-123.244c33.084 0 60-26.916 60-60s-26.916-60-60-60-60 26.916-60 60 26.916 60 60 60zm0-80c11.028 0 20 8.972 20 20s-8.972 20-20 20-20-8.972-20-20 8.972-20 20-20z\" fill=\"url(#SVGID_1_)\"\/><\/g><\/g><\/svg><\/span>\r\n    \t\t<div class=\"text\">\r\n    \t\t    <div class=\"title\">Soutien de l\u2019\u00e9conomie locale<\/div>\r\n    \t\t        \t\t<\/div>\r\n    \t    <\/a>\r\n\r\n\t    \t<\/div>\r\n\r\n    <\/div>\r\n\r\n<\/div>\n\n\n<div class=\"alignfull create-your-trip-block\">\n\n    <div class='max-width'>\n\n\t<div class=\"content\">\n\n\t    <h3 class=\"block-title\">Pr\u00eat ? Commencez \u00e0 pr\u00e9parer vos vacances<\/h3>\n\n\t    <div class='text'>\n\t\t<a href=\"https:\/\/velstana.com\/create-your-holidays\/\" class=\"btn btn-outline-bold\">Cr\u00e9er mon voyage&nbsp;><\/a>\n\t    <\/div>\n\n\t<\/div>\n\n    <\/div>\n\n<\/div>\n\n<p><\/p>\n","protected":false},"excerpt":{"rendered":"<p>D\u00e9couvrez l&rsquo;Albanie, une destination aux multiples facettes o\u00f9 vous trouverez un riche patrimoine, des plages&hellip;<\/p>\n","protected":false},"author":1,"featured_media":4702,"parent":0,"menu_order":0,"comment_status":"closed","ping_status":"closed","template":"","meta":{"_acf_changed":false,"footnotes":""},"class_list":["post-8370","page","type-page","status-publish","has-post-thumbnail","hentry"],"acf":[],"_links":{"self":[{"href":"https:\/\/velstana.com\/fr\/wp-json\/wp\/v2\/pages\/8370","targetHints":{"allow":["GET"]}}],"collection":[{"href":"https:\/\/velstana.com\/fr\/wp-json\/wp\/v2\/pages"}],"about":[{"href":"https:\/\/velstana.com\/fr\/wp-json\/wp\/v2\/types\/page"}],"author":[{"embeddable":true,"href":"https:\/\/velstana.com\/fr\/wp-json\/wp\/v2\/users\/1"}],"replies":[{"embeddable":true,"href":"https:\/\/velstana.com\/fr\/wp-json\/wp\/v2\/comments?post=8370"}],"version-history":[{"count":7,"href":"https:\/\/velstana.com\/fr\/wp-json\/wp\/v2\/pages\/8370\/revisions"}],"predecessor-version":[{"id":8397,"href":"https:\/\/velstana.com\/fr\/wp-json\/wp\/v2\/pages\/8370\/revisions\/8397"}],"wp:featuredmedia":[{"embeddable":true,"href":"https:\/\/velstana.com\/fr\/wp-json\/wp\/v2\/media\/4702"}],"wp:attachment":[{"href":"https:\/\/velstana.com\/fr\/wp-json\/wp\/v2\/media?parent=8370"}],"curies":[{"name":"wp","href":"https:\/\/api.w.org\/{rel}","templated":true}]}}