{"id":8893,"date":"2025-11-17T08:16:47","date_gmt":"2025-11-17T08:16:47","guid":{"rendered":"https:\/\/velstana.com\/?page_id=8893"},"modified":"2025-11-17T08:16:48","modified_gmt":"2025-11-17T08:16:48","slug":"evasion-a-velo-ferme-ses-portes","status":"publish","type":"page","link":"https:\/\/velstana.com\/fr\/evasion-a-velo-ferme-ses-portes\/","title":{"rendered":"Merci pour cette belle aventure"},"content":{"rendered":"<style>.kb-row-layout-id8893_865d03-13 > .kt-row-column-wrap{align-content:start;}:where(.kb-row-layout-id8893_865d03-13 > .kt-row-column-wrap) > .wp-block-kadence-column{justify-content:start;}.kb-row-layout-id8893_865d03-13 > .kt-row-column-wrap{column-gap:var(--global-kb-gap-md, 2rem);row-gap:var(--global-kb-gap-md, 2rem);padding-top:var(--global-kb-spacing-sm, 1.5rem);padding-bottom:var(--global-kb-spacing-sm, 1.5rem);grid-template-columns:minmax(0, 1fr);}.kb-row-layout-id8893_865d03-13 > .kt-row-layout-overlay{opacity:0.30;}@media all and (max-width: 1024px){.kb-row-layout-id8893_865d03-13 > .kt-row-column-wrap{grid-template-columns:minmax(0, 1fr);}}@media all and (max-width: 767px){.kb-row-layout-id8893_865d03-13 > .kt-row-column-wrap{grid-template-columns:minmax(0, 1fr);}}<\/style><div class=\"kb-row-layout-wrap kb-row-layout-id8893_865d03-13 alignnone wp-block-kadence-rowlayout\"><div class=\"kt-row-column-wrap kt-has-1-columns kt-row-layout-equal kt-tab-layout-inherit kt-mobile-layout-row kt-row-valign-top\">\n<style>.kadence-column8893_ec7a90-b6 > .kt-inside-inner-col,.kadence-column8893_ec7a90-b6 > .kt-inside-inner-col:before{border-top-left-radius:0px;border-top-right-radius:0px;border-bottom-right-radius:0px;border-bottom-left-radius:0px;}.kadence-column8893_ec7a90-b6 > .kt-inside-inner-col{column-gap:var(--global-kb-gap-sm, 1rem);}.kadence-column8893_ec7a90-b6 > .kt-inside-inner-col{flex-direction:column;}.kadence-column8893_ec7a90-b6 > .kt-inside-inner-col > .aligncenter{width:100%;}.kadence-column8893_ec7a90-b6 > .kt-inside-inner-col:before{opacity:0.3;}.kadence-column8893_ec7a90-b6{position:relative;}@media all and (max-width: 1024px){.kadence-column8893_ec7a90-b6 > .kt-inside-inner-col{flex-direction:column;justify-content:center;}}@media all and (max-width: 767px){.kadence-column8893_ec7a90-b6 > .kt-inside-inner-col{flex-direction:column;justify-content:center;}}<\/style>\n<div class=\"wp-block-kadence-column kadence-column8893_ec7a90-b6\"><div class=\"kt-inside-inner-col\">\n<h2 class=\"wp-block-heading\">Un chapitre se cl\u00f4t<\/h2>\n\n\n\n<p><strong><em>Evasion \u00e0 V\u00e9lo ferme ses portes, mais une nouvelle histoire commence&#8230;<\/em><\/strong><\/p>\n\n\n\n<p>Apr\u00e8s plusieurs ann\u00e9es \u00e0 vous accompagner dans vos plus beaux voyages \u00e0 v\u00e9lo \u00e0 travers la France et l&rsquo;Europe, l&rsquo;heure est venue de tourner la page d&rsquo;Evasion \u00e0 V\u00e9lo.<\/p>\n\n\n\n<p>Nous tenons \u00e0 remercier chaleureusement tous ceux qui ont partag\u00e9 avec nous leur passion du cyclotourisme et ont fait confiance \u00e0 notre approche sur mesure. Gr\u00e2ce \u00e0 vous, nous avons v\u00e9cu de belles aventures ensemble !<\/p>\n\n\n\n<figure class=\"wp-block-image size-landscape-content\"><img loading=\"lazy\" decoding=\"async\" width=\"1920\" height=\"900\" src=\"https:\/\/velstana.com\/wp-content\/uploads\/Luberon-exemple2.jpg-1920x900.jpeg\" alt=\"Electric bicycle in the lavender field in Provence\" class=\"wp-image-6327\"\/><\/figure>\n<\/div><\/div>\n\n<\/div><\/div>\n\n<style>.kb-row-layout-id8893_2d1810-63 > .kt-row-column-wrap{align-content:start;}:where(.kb-row-layout-id8893_2d1810-63 > .kt-row-column-wrap) > .wp-block-kadence-column{justify-content:start;}.kb-row-layout-id8893_2d1810-63 > .kt-row-column-wrap{column-gap:var(--global-kb-gap-md, 2rem);row-gap:var(--global-kb-gap-md, 2rem);padding-top:var(--global-kb-spacing-sm, 1.5rem);padding-bottom:var(--global-kb-spacing-sm, 1.5rem);grid-template-columns:minmax(0, 1fr);}.kb-row-layout-id8893_2d1810-63 > .kt-row-layout-overlay{opacity:0.30;}@media all and (max-width: 1024px){.kb-row-layout-id8893_2d1810-63 > .kt-row-column-wrap{grid-template-columns:minmax(0, 1fr);}}@media all and (max-width: 767px){.kb-row-layout-id8893_2d1810-63 > .kt-row-column-wrap{grid-template-columns:minmax(0, 1fr);}}<\/style><div class=\"kb-row-layout-wrap kb-row-layout-id8893_2d1810-63 alignnone wp-block-kadence-rowlayout\"><div class=\"kt-row-column-wrap kt-has-1-columns kt-row-layout-equal kt-tab-layout-inherit kt-mobile-layout-row kt-row-valign-top\">\n<style>.kadence-column8893_3db2e3-04 > .kt-inside-inner-col,.kadence-column8893_3db2e3-04 > .kt-inside-inner-col:before{border-top-left-radius:0px;border-top-right-radius:0px;border-bottom-right-radius:0px;border-bottom-left-radius:0px;}.kadence-column8893_3db2e3-04 > .kt-inside-inner-col{column-gap:var(--global-kb-gap-sm, 1rem);}.kadence-column8893_3db2e3-04 > .kt-inside-inner-col{flex-direction:column;}.kadence-column8893_3db2e3-04 > .kt-inside-inner-col > .aligncenter{width:100%;}.kadence-column8893_3db2e3-04 > .kt-inside-inner-col:before{opacity:0.3;}.kadence-column8893_3db2e3-04{position:relative;}@media all and (max-width: 1024px){.kadence-column8893_3db2e3-04 > .kt-inside-inner-col{flex-direction:column;justify-content:center;}}@media all and (max-width: 767px){.kadence-column8893_3db2e3-04 > .kt-inside-inner-col{flex-direction:column;justify-content:center;}}<\/style>\n<div class=\"wp-block-kadence-column kadence-column8893_3db2e3-04\"><div class=\"kt-inside-inner-col\">\n<h2 class=\"wp-block-heading\">Bienvenue dans l&rsquo;univers de Velstana<\/h2>\n\n\n\n<p>Nous sommes heureux de vous pr\u00e9senter\u00a0<strong>VELSTANA<\/strong>, notre nouvelle agence de voyages sur mesure.<\/p>\n\n\n\n<p>Forts de notre exp\u00e9rience dans la cr\u00e9ation de voyages personnalis\u00e9s, nous \u00e9largissons maintenant nos horizons vers des destinations secr\u00e8tes et authentiques en Europe.<\/p>\n\n\n\n<p>Avec Velstana, nous poursuivons notre engagement : vous offrir des voyages uniques, con\u00e7us selon vos envies, mais cette fois-ci \u00e0 la d\u00e9couverte de tr\u00e9sors cach\u00e9s comme l&rsquo;Albanie, la Bulgarie, la Slov\u00e9nie, ou l&rsquo;Italie secr\u00e8te.<\/p>\n\n\n\n<p>Toujours la m\u00eame philosophie : des exp\u00e9riences personnalis\u00e9es, \u00e0 l&rsquo;\u00e9cart des foules, pour vous faire d\u00e9couvrir des paysages \u00e0 couper le souffle, des patrimoines exceptionnels et des traditions vivantes.<\/p>\n\n\n\n<figure class=\"wp-block-image size-landscape-content\"><img loading=\"lazy\" decoding=\"async\" width=\"1920\" height=\"900\" src=\"https:\/\/velstana.com\/wp-content\/uploads\/neven-krcmarek-pOWBHdgy1Lo-unsplash-1920x900.jpg\" alt=\"Viewpoint of the Lake Bled and the island\" class=\"wp-image-7070\"\/><figcaption class=\"wp-element-caption\">Vue panoramique du lac de Bled, Slov\u00e9nie<\/figcaption><\/figure>\n<\/div><\/div>\n\n<\/div><\/div>\n\n<style>.kb-row-layout-id8893_3ab63c-2e > .kt-row-column-wrap{align-content:start;}:where(.kb-row-layout-id8893_3ab63c-2e > .kt-row-column-wrap) > .wp-block-kadence-column{justify-content:start;}.kb-row-layout-id8893_3ab63c-2e > .kt-row-column-wrap{column-gap:var(--global-kb-gap-md, 2rem);row-gap:var(--global-kb-gap-md, 2rem);padding-top:var(--global-kb-spacing-sm, 1.5rem);padding-bottom:var(--global-kb-spacing-sm, 1.5rem);grid-template-columns:minmax(0, 1fr);}.kb-row-layout-id8893_3ab63c-2e > .kt-row-layout-overlay{opacity:0.30;}@media all and (max-width: 1024px){.kb-row-layout-id8893_3ab63c-2e > .kt-row-column-wrap{grid-template-columns:minmax(0, 1fr);}}@media all and (max-width: 767px){.kb-row-layout-id8893_3ab63c-2e > .kt-row-column-wrap{grid-template-columns:minmax(0, 1fr);}}<\/style><div class=\"kb-row-layout-wrap kb-row-layout-id8893_3ab63c-2e alignnone wp-block-kadence-rowlayout\"><div class=\"kt-row-column-wrap kt-has-1-columns kt-row-layout-equal kt-tab-layout-inherit kt-mobile-layout-row kt-row-valign-top\">\n<style>.kadence-column8893_cab52f-3b > .kt-inside-inner-col,.kadence-column8893_cab52f-3b > .kt-inside-inner-col:before{border-top-left-radius:0px;border-top-right-radius:0px;border-bottom-right-radius:0px;border-bottom-left-radius:0px;}.kadence-column8893_cab52f-3b > .kt-inside-inner-col{column-gap:var(--global-kb-gap-sm, 1rem);}.kadence-column8893_cab52f-3b > .kt-inside-inner-col{flex-direction:column;}.kadence-column8893_cab52f-3b > .kt-inside-inner-col > .aligncenter{width:100%;}.kadence-column8893_cab52f-3b > .kt-inside-inner-col:before{opacity:0.3;}.kadence-column8893_cab52f-3b{position:relative;}.kadence-column8893_cab52f-3b, .kt-inside-inner-col > .kadence-column8893_cab52f-3b:not(.specificity){margin-bottom:48px;}@media all and (max-width: 1024px){.kadence-column8893_cab52f-3b > .kt-inside-inner-col{flex-direction:column;justify-content:center;}}@media all and (max-width: 767px){.kadence-column8893_cab52f-3b > .kt-inside-inner-col{flex-direction:column;justify-content:center;}}<\/style>\n<div class=\"wp-block-kadence-column kadence-column8893_cab52f-3b\"><div class=\"kt-inside-inner-col\">\n<h2 class=\"wp-block-heading\">Pr\u00eats pour une nouvelle aventure ?<\/h2>\n\n\n\n<p>Explorez l&rsquo;Europe autrement avec nous et laissez-vous guider vers des destinations inoubliables.<\/p>\n\n\n\n<p>Pour toute question ou pour commencer \u00e0 planifier votre voyage, contactez-nous \u00e0 <strong><a>hello@velstana.com<\/a><\/strong>.<\/p>\n\n\n\n<p class=\"has-text-align-center\"><\/p>\n\n\n\n<div class=\"wp-block-buttons is-content-justification-center is-layout-flex wp-container-core-buttons-is-layout-16018d1d wp-block-buttons-is-layout-flex\">\n<div class=\"wp-block-button\"><a class=\"wp-block-button__link wp-element-button\" href=\"\/\">D\u00e9couvrir Velstana<\/a><\/div>\n<\/div>\n<\/div><\/div>\n\n<\/div><\/div>","protected":false},"excerpt":{"rendered":"<p>Un chapitre se cl\u00f4t Evasion \u00e0 V\u00e9lo ferme ses portes, mais une nouvelle histoire commence&#8230;&hellip;<\/p>\n","protected":false},"author":2,"featured_media":5437,"parent":0,"menu_order":0,"comment_status":"closed","ping_status":"closed","template":"","meta":{"_acf_changed":false,"footnotes":""},"class_list":["post-8893","page","type-page","status-publish","has-post-thumbnail","hentry"],"acf":[],"_links":{"self":[{"href":"https:\/\/velstana.com\/fr\/wp-json\/wp\/v2\/pages\/8893","targetHints":{"allow":["GET"]}}],"collection":[{"href":"https:\/\/velstana.com\/fr\/wp-json\/wp\/v2\/pages"}],"about":[{"href":"https:\/\/velstana.com\/fr\/wp-json\/wp\/v2\/types\/page"}],"author":[{"embeddable":true,"href":"https:\/\/velstana.com\/fr\/wp-json\/wp\/v2\/users\/2"}],"replies":[{"embeddable":true,"href":"https:\/\/velstana.com\/fr\/wp-json\/wp\/v2\/comments?post=8893"}],"version-history":[{"count":21,"href":"https:\/\/velstana.com\/fr\/wp-json\/wp\/v2\/pages\/8893\/revisions"}],"predecessor-version":[{"id":8968,"href":"https:\/\/velstana.com\/fr\/wp-json\/wp\/v2\/pages\/8893\/revisions\/8968"}],"wp:featuredmedia":[{"embeddable":true,"href":"https:\/\/velstana.com\/fr\/wp-json\/wp\/v2\/media\/5437"}],"wp:attachment":[{"href":"https:\/\/velstana.com\/fr\/wp-json\/wp\/v2\/media?parent=8893"}],"curies":[{"name":"wp","href":"https:\/\/api.w.org\/{rel}","templated":true}]}}