{"id":3506,"date":"2022-01-05T14:46:47","date_gmt":"2022-01-05T14:46:47","guid":{"rendered":"https:\/\/velstana.com\/scopri-di-piu\/"},"modified":"2022-06-17T10:28:53","modified_gmt":"2022-06-17T10:28:53","slug":"scopri-di-piu","status":"publish","type":"page","link":"https:\/\/velstana.com\/it\/scopri-di-piu\/","title":{"rendered":"Scopri di pi\u00f9"},"content":{"rendered":"\n<h2 class=\"wp-block-heading\" id=\"one-of-a-kind-and-100-customised\">Unico e personalizzato al 100%<\/h2>\n\n<p>Crediamo che ogni viaggio sia un\u2019esperienza unica e personale. I pacchetti di viaggio validi per tutti non sono l\u2019opzione pi\u00f9 appropriata per scoprire veramente una nuova destinazione perch\u00e9 ogni viaggiatore ha aspettative diverse. Al contrario, l\u2019approccio su misura \u00e8 la soluzione per rendere il tuo viaggio adatto alle tue esigenze, interessi, gusti e budget. <\/p>\n\n<p>Che tu abbia o meno le idee chiare su ci\u00f2 che stai cercando, ti guideremo attraverso la creazione della tua vacanza artigianale nel rispetto del tuo budget. <\/p>\n\n<p>Per garantire che ogni dettaglio del viaggio sia costruito intorno a te, pensiamo che un appuntamento telefonico o video sia il modo pi\u00f9 pratico e conveniente per comprendere le tue preferenze, lo stile di viaggio e le tue esigenze. Saremo a tua disposizione e potrai fare qualsiasi domanda tu possa avere. <\/p>\n\n<p>Insieme costruiremo un viaggio unico nel suo genere, unico come te.<\/p>\n\n<p>Tutto (o quasi) \u00e8 flessibile per rendere il tuo viaggio su misura per te: dall\u2019alloggio, alle attivit\u00e0 e ai trasporti. <\/p>\n\n<h2 class=\"wp-block-heading\" id=\"customising-your-trip-from-top-to-tail\">Personalizza il tuo viaggio dalla partenza al ritorno<\/h2>\n\n<h3 class=\"wp-block-heading\" id=\"your-general-travel-arrangements\">La tua organizzazione generale del viaggio<\/h3>\n\n<ul class=\"wp-block-list\"><li>Durata e ritmo;<\/li><li>Stile di viaggio;<\/li><li>Livello di comfort (buono, originale, premium, lussuoso);<\/li><li>Temi a tua scelta;<\/li><li>Un travel book personale che descrive, tra l\u2019altro, il tuo itinerario unico (in formato elettronico e su una pratica app per smartphone);<\/li><li>Vacanze perfette e senza stress; <\/li><li>Assistenza 24 ore su 24 durante tutto il viaggio; <\/li><\/ul>\n\n<h3 class=\"wp-block-heading\" id=\"transport-during-your-trip\">Trasporto durante il viaggio <\/h3>\n\n<ul class=\"wp-block-list\"><li>Creare insieme il miglior itinerario in base alle tue preferenze; <\/li><li>Incontro in aeroporto;<\/li><li>Noleggio auto, transfer privati \u200b\u200bo auto privata con conducente;<\/li><li>Classe auto a noleggio;<\/li><li>Opzioni aggiuntive per soddisfare le tue esigenze e i tuoi gusti (autista aggiuntivo, copertura extra, seggiolino per bambini, GPS, hotspot Wi-Fi mobile, ecc.);<\/li><li>Scegliere dove e quando vuoi ritirare\/consegnare l\u2019auto: ad esempio, in aeroporto o all\u2019indirizzo dell\u2019hotel.<\/li><\/ul>\n\n<h3 class=\"wp-block-heading\" id=\"activities-and-experiences-based-on-your-tastes\">Attivit\u00e0 ed esperienze in base ai tuoi gusti<\/h3>\n\n<ul class=\"wp-block-list\"><li>Per ogni destinazione, abbiamo accuratamente selezionato una vasta gamma di esperienze che ispireranno e delizieranno ogni viaggiatore; <\/li><li>Scegliere tra diverse esperienze e combinarle a proprio piacimento in un\u2019ottica di viaggio personale: cultura, natura e attivit\u00e0 all\u2019aperto, vacanze al mare, sport invernali, benessere, enogastronomia, segreti, miti e leggende; <\/li><li>Attivit\u00e0 organizzate appositamente per te: visite guidate private della citt\u00e0, attivit\u00e0 e sport all\u2019aria aperta (es. trekking, rafting, equitazione, osservazione della fauna selvatica), degustazione di vini, giochi di fuga, trattamenti benessere, ecc.\u2026;<\/li><li>Adattare ogni attivit\u00e0 al profilo del viaggiatore (et\u00e0, livello, durata, preferenze); <\/li><li>Accesso privilegiato: ti aiuteremo a esplorare incredibili luoghi segreti che altri potrebbero perdere e ti presenteremo le principali attrazioni da una nuova prospettiva.<\/li><\/ul>\n\n<h3 class=\"wp-block-heading\" id=\"hand-picked-accommodation-and-catering\">Alloggio e ristorazione selezionati personalmente<\/h3>\n\n<ul class=\"wp-block-list\"><li>La scelta del tipo e della categoria di alloggio:<ul><li>Hotel o pensione<\/li><\/ul><\/li><li>La scelta della ristorazione: <ul><li>Pasti inclusi nella tua offerta<\/li><li>Suggerimenti di ristoranti per pranzo e cena <\/li><li>Tenendo conto delle tue restrizioni dietetiche <\/li><\/ul><\/li><\/ul>\n\n<figure class=\"wp-block-pullquote\"><blockquote><p><strong>Iniziamo a costruire insieme il viaggio perfetto solo per te!<\/strong><\/p><\/blockquote><\/figure>\n\n<div class=\"alignfull create-your-trip-block\">\n\n    <div class='max-width'>\n\n\t<div class=\"content\">\n\n\t    <h3 class=\"block-title\">Pronto? Inizia a pianificare la tua vacanza<\/h3>\n\n\t    <div class='text'>\n\t\t<a href=\"https:\/\/velstana.com\/create-your-holidays\/\" class=\"btn btn-outline-bold\">Crea il tuo viaggio&nbsp;><\/a>\n\t    <\/div>\n\n\t<\/div>\n\n    <\/div>\n\n<\/div>\n","protected":false},"excerpt":{"rendered":"<p>Unico e personalizzato al 100% Crediamo che ogni viaggio sia un\u2019esperienza unica e personale. I&hellip;<\/p>\n","protected":false},"author":1,"featured_media":2801,"parent":0,"menu_order":0,"comment_status":"closed","ping_status":"closed","template":"","meta":{"_acf_changed":false,"footnotes":""},"class_list":["post-3506","page","type-page","status-publish","has-post-thumbnail","hentry"],"acf":[],"_links":{"self":[{"href":"https:\/\/velstana.com\/it\/wp-json\/wp\/v2\/pages\/3506","targetHints":{"allow":["GET"]}}],"collection":[{"href":"https:\/\/velstana.com\/it\/wp-json\/wp\/v2\/pages"}],"about":[{"href":"https:\/\/velstana.com\/it\/wp-json\/wp\/v2\/types\/page"}],"author":[{"embeddable":true,"href":"https:\/\/velstana.com\/it\/wp-json\/wp\/v2\/users\/1"}],"replies":[{"embeddable":true,"href":"https:\/\/velstana.com\/it\/wp-json\/wp\/v2\/comments?post=3506"}],"version-history":[{"count":0,"href":"https:\/\/velstana.com\/it\/wp-json\/wp\/v2\/pages\/3506\/revisions"}],"wp:featuredmedia":[{"embeddable":true,"href":"https:\/\/velstana.com\/it\/wp-json\/wp\/v2\/media\/2801"}],"wp:attachment":[{"href":"https:\/\/velstana.com\/it\/wp-json\/wp\/v2\/media?parent=3506"}],"curies":[{"name":"wp","href":"https:\/\/api.w.org\/{rel}","templated":true}]}}