{"id":3633,"date":"2022-02-11T10:43:23","date_gmt":"2022-02-11T10:43:23","guid":{"rendered":"https:\/\/velstana.com\/note-legali\/"},"modified":"2022-06-23T14:52:52","modified_gmt":"2022-06-23T14:52:52","slug":"note-legali","status":"publish","type":"page","link":"https:\/\/velstana.com\/it\/note-legali\/","title":{"rendered":"Note Legali"},"content":{"rendered":"\n<h3 class=\"wp-block-heading\" id=\"hosting\">Dettagli aziendali<\/h3>\n\n<p>Questo sito web \u00e8 gestito ed \u00e8 di propriet\u00e0 di Velstana S.A.S., una societ\u00e0 per azioni semplificata con un capitale di 20.000\u20ac, con sede legale in 6, rue d&#8217;Armaill\u00e9, 75017 Parigi, Francia.<\/p>\n\n<p>Immatricolata in Francia con il numero 909 283 624 RCS PARIS. <\/p>\n\n<p>Licenza di operatore di viaggio n. IM075220015<\/p>\n\n<h3 class=\"wp-block-heading\" id=\"hosting\">Hosting<\/h3>\n\n<p>Kinsta Inc., 8605 Santa Monica Blvd #92581 West Hollywood, CA 90069 &#8211; USA.<\/p>\n\n<h3 class=\"wp-block-heading\" id=\"development\">Sviluppo<\/h3>\n\n<p>Romain Ch\u00e9rot, SIRET 80112270600022<\/p>\n\n<p><strong>WordPress Agency <\/strong><\/p>\n\n<p><a href=\"https:\/\/www.maintenance-wp.com\/\" target=\"_blank\" rel=\"noreferrer noopener\">Maintenance WP<\/a><\/p>\n\n<h3 class=\"wp-block-heading\" id=\"while-velstana-has-done-its-utmost-to-ensure-the-accuracy-of-information-published-on-this-website-it-is-possible-that-some-sections-might-be-incomplete-out-of-date-or-incorrect-you-should-therefore-verify-all-such-information-with-us-before-making-or-refrain-from-making-any-decision-or-taking-or-refrain-from-taking-any-action-in-reliance-upon-it\">Protezione dei dati<\/h3>\n\n<p>Puoi scoprire come raccogliamo e utilizziamo i tuoi dati nella nostra politica sulla <a href=\"https:\/\/velstana.com\/it\/privacy-policy\/\" data-type=\"page\" data-id=\"3\">privacy<\/a>.<\/p>\n\n<h3 class=\"wp-block-heading\" id=\"while-velstana-has-done-its-utmost-to-ensure-the-accuracy-of-information-published-on-this-website-it-is-possible-that-some-sections-might-be-incomplete-out-of-date-or-incorrect-you-should-therefore-verify-all-such-information-with-us-before-making-or-refrain-from-making-any-decision-or-taking-or-refrain-from-taking-any-action-in-reliance-upon-it\">Disclaimer<\/h3>\n\n<p>Sebbene Velstana abbia fatto tutto il possibile per garantire l&#8217;accuratezza delle informazioni pubblicate su questo sito Web, \u00e8 possibile che alcune sezioni siano incomplete, non aggiornate o non corrette. Dovresti quindi verificare tutte queste informazioni con noi prima di prendere (o astenersi dal prendere) qualsiasi decisione o intraprendere (o astenersi dall&#8217;intraprendere) qualsiasi azione che faccia affidamento su di essa. <\/p>\n\n<p>Velstana non fornisce alcuna garanzia che il sito e\/o il suo funzionamento, il contenuto o il server che lo rende disponibile siano privi di errori o virus o privi di altri componenti dannosi. <\/p>\n\n<p>Velstana non \u00e8 responsabile per la manutenzione e il contenuto di siti Web di terzi e pertanto non \u00e8 responsabile per eventuali inesattezze o opinioni trovate su tali siti Web.<\/p>\n\n<h3 class=\"wp-block-heading\" id=\"governing-law\">Legge applicabile<\/h3>\n\n<p>Questo sito Web, compreso il presente note, \u00e8 regolato dalla legge francese. <\/p>\n<style>.wp-block-kadence-spacer.kt-block-spacer-_506a49-d9 .kt-block-spacer{height:60px;}.wp-block-kadence-spacer.kt-block-spacer-_506a49-d9 .kt-divider{border-top-width:1px;height:1px;border-top-color:#eee;width:80%;border-top-style:solid;}@media all and (max-width: 767px){.wp-block-kadence-spacer.kt-block-spacer-_506a49-d9 .kt-block-spacer{height:30px!important;}}<\/style>\n<div class=\"wp-block-kadence-spacer aligncenter kt-block-spacer-_506a49-d9\"><div class=\"kt-block-spacer kt-block-spacer-halign-center\" style=\"height:60px\"><\/div><\/div>\n","protected":false},"excerpt":{"rendered":"<p>Dettagli aziendali Questo sito web \u00e8 gestito ed \u00e8 di propriet\u00e0 di Velstana S.A.S., una&hellip;<\/p>\n","protected":false},"author":1,"featured_media":0,"parent":0,"menu_order":0,"comment_status":"closed","ping_status":"closed","template":"","meta":{"_acf_changed":false,"footnotes":""},"class_list":["post-3633","page","type-page","status-publish","hentry"],"acf":[],"_links":{"self":[{"href":"https:\/\/velstana.com\/it\/wp-json\/wp\/v2\/pages\/3633","targetHints":{"allow":["GET"]}}],"collection":[{"href":"https:\/\/velstana.com\/it\/wp-json\/wp\/v2\/pages"}],"about":[{"href":"https:\/\/velstana.com\/it\/wp-json\/wp\/v2\/types\/page"}],"author":[{"embeddable":true,"href":"https:\/\/velstana.com\/it\/wp-json\/wp\/v2\/users\/1"}],"replies":[{"embeddable":true,"href":"https:\/\/velstana.com\/it\/wp-json\/wp\/v2\/comments?post=3633"}],"version-history":[{"count":0,"href":"https:\/\/velstana.com\/it\/wp-json\/wp\/v2\/pages\/3633\/revisions"}],"wp:attachment":[{"href":"https:\/\/velstana.com\/it\/wp-json\/wp\/v2\/media?parent=3633"}],"curies":[{"name":"wp","href":"https:\/\/api.w.org\/{rel}","templated":true}]}}