{"id":3671,"date":"2021-11-15T19:43:05","date_gmt":"2021-11-15T19:43:05","guid":{"rendered":"https:\/\/velstana.com\/destinazioni\/"},"modified":"2022-12-17T09:36:26","modified_gmt":"2022-12-17T09:36:26","slug":"destinazioni","status":"publish","type":"page","link":"https:\/\/velstana.com\/it\/destinazioni\/","title":{"rendered":"Destinazioni"},"content":{"rendered":"<style>#kt-layout-id_5b92d8-b2 > .kt-row-column-wrap{align-content:start;}:where(#kt-layout-id_5b92d8-b2 > .kt-row-column-wrap) > .wp-block-kadence-column{justify-content:start;}#kt-layout-id_5b92d8-b2 > .kt-row-column-wrap{column-gap:var(--global-kb-gap-md, 2rem);row-gap:var(--global-kb-gap-md, 2rem);max-width:1400px;margin-left:auto;margin-right:auto;padding-top:var( --global-kb-row-default-top, 25px );padding-bottom:var( --global-kb-row-default-bottom, 25px );padding-top:24px;padding-bottom:48px;grid-template-columns:minmax(0, 1fr);}#kt-layout-id_5b92d8-b2{background-color:#eceded;}#kt-layout-id_5b92d8-b2 > .kt-row-layout-overlay{opacity:0.30;}@media all and (max-width: 1024px){#kt-layout-id_5b92d8-b2 > .kt-row-column-wrap{grid-template-columns:minmax(0, 1fr);}}@media all and (max-width: 767px){#kt-layout-id_5b92d8-b2 > .kt-row-column-wrap{grid-template-columns:minmax(0, 1fr);}}<\/style>\n<div class=\"wp-block-kadence-rowlayout alignfull\"><div id=\"kt-layout-id_5b92d8-b2\" class=\"kt-row-layout-inner kt-row-has-bg kt-layout-id_5b92d8-b2\"><div class=\"kt-row-column-wrap kt-has-1-columns kt-gutter-default kt-v-gutter-default kt-row-valign-top kt-row-layout-equal kt-tab-layout-inherit kt-m-colapse-left-to-right kt-mobile-layout-row\"><style>.kadence-column_dffe5c-a2 > .kt-inside-inner-col{border-top-width:0px;border-right-width:0px;border-bottom-width:0px;border-left-width:0px;}.kadence-column_dffe5c-a2 > .kt-inside-inner-col,.kadence-column_dffe5c-a2 > .kt-inside-inner-col:before{border-top-left-radius:0px;border-top-right-radius:0px;border-bottom-right-radius:0px;border-bottom-left-radius:0px;}.kadence-column_dffe5c-a2 > .kt-inside-inner-col{column-gap:var(--global-kb-gap-sm, 1rem);}.kadence-column_dffe5c-a2 > .kt-inside-inner-col{flex-direction:column;}.kadence-column_dffe5c-a2 > .kt-inside-inner-col > .aligncenter{width:100%;}.kadence-column_dffe5c-a2 > .kt-inside-inner-col:before{opacity:0.3;}.kadence-column_dffe5c-a2{position:relative;}@media all and (max-width: 1024px){.kadence-column_dffe5c-a2 > .kt-inside-inner-col{flex-direction:column;justify-content:center;}}@media all and (max-width: 767px){.kadence-column_dffe5c-a2 > .kt-inside-inner-col{flex-direction:column;justify-content:center;}}<\/style>\n<div class=\"wp-block-kadence-column inner-column-1 kadence-column_dffe5c-a2\"><div class=\"kt-inside-inner-col\"><style>#kt-layout-id_04ccad-f9 > .kt-row-column-wrap{align-content:start;}:where(#kt-layout-id_04ccad-f9 > .kt-row-column-wrap) > .wp-block-kadence-column{justify-content:start;}#kt-layout-id_04ccad-f9 > .kt-row-column-wrap{column-gap:var(--global-kb-gap-md, 2rem);row-gap:var(--global-kb-gap-md, 2rem);max-width:1041px;margin-left:auto;margin-right:auto;padding-top:var( --global-kb-row-default-top, 25px );padding-bottom:var( --global-kb-row-default-bottom, 25px );padding-top:10px;padding-bottom:10px;grid-template-columns:minmax(0, 1fr);}#kt-layout-id_04ccad-f9 > .kt-row-layout-overlay{opacity:0.30;}@media all and (max-width: 1024px){#kt-layout-id_04ccad-f9 > .kt-row-column-wrap{grid-template-columns:minmax(0, 1fr);}}@media all and (max-width: 767px){#kt-layout-id_04ccad-f9 > .kt-row-column-wrap{grid-template-columns:minmax(0, 1fr);}}<\/style>\n<div class=\"wp-block-kadence-rowlayout alignnone\"><div id=\"kt-layout-id_04ccad-f9\" class=\"kt-row-layout-inner kt-layout-id_04ccad-f9\"><div class=\"kt-row-column-wrap kt-has-1-columns kt-gutter-default kt-v-gutter-default kt-row-valign-top kt-row-layout-equal kt-tab-layout-inherit kt-m-colapse-left-to-right kt-mobile-layout-row\"><style>.kadence-column_ccdd7c-6b > .kt-inside-inner-col{border-top-width:0px;border-right-width:0px;border-bottom-width:0px;border-left-width:0px;}.kadence-column_ccdd7c-6b > .kt-inside-inner-col,.kadence-column_ccdd7c-6b > .kt-inside-inner-col:before{border-top-left-radius:0px;border-top-right-radius:0px;border-bottom-right-radius:0px;border-bottom-left-radius:0px;}.kadence-column_ccdd7c-6b > .kt-inside-inner-col{column-gap:var(--global-kb-gap-sm, 1rem);}.kadence-column_ccdd7c-6b > .kt-inside-inner-col{flex-direction:column;}.kadence-column_ccdd7c-6b > .kt-inside-inner-col > .aligncenter{width:100%;}.kadence-column_ccdd7c-6b > .kt-inside-inner-col:before{opacity:0.3;}.kadence-column_ccdd7c-6b{position:relative;}@media all and (max-width: 1024px){.kadence-column_ccdd7c-6b > .kt-inside-inner-col{flex-direction:column;justify-content:center;}}@media all and (max-width: 767px){.kadence-column_ccdd7c-6b > .kt-inside-inner-col{flex-direction:column;justify-content:center;}}<\/style>\n<div class=\"wp-block-kadence-column inner-column-1 kadence-column_ccdd7c-6b\"><div class=\"kt-inside-inner-col\">\n<p class=\"has-text-align-center\"><strong>Scopri le nostre destinazioni misteriose, multistrato e affascinanti come locale, non come turista. <\/strong><strong>Affidati alla nostra competenza<\/strong> <strong>per vivere un&#8217;esperienza di viaggio unica<\/strong> <strong>che va oltre la guida<\/strong>.<\/p>\n<\/div><\/div>\n<\/div><\/div><\/div>\n\n\n\n\n            <div class='listing-container'>\n            \n<!-- template-parts\/teaser\/content.php -->\n\n<a id=\"post-7550\" class=\"listing-item post-7550 destinations type-destinations status-publish format-standard has-post-thumbnail hentry\" href='https:\/\/velstana.com\/it\/destinations\/italia-nord-orientale-friuli-venezia-giulia\/'>\n\n    <div class='image' style=\"background-image: url('https:\/\/velstana.com\/wp-content\/uploads\/AdobeStock_187506817-480x360.jpeg')\">\n        <div class='overlay'><svg xmlns=\"http:\/\/www.w3.org\/2000\/svg\" x=\"0px\" y=\"0px\"\nwidth=\"40\" height=\"40\"\nviewBox=\"0 0 50 50\"\nstyle=\" fill:#fff;\"><path d=\"M 21 3 C 11.621094 3 4 10.621094 4 20 C 4 29.378906 11.621094 37 21 37 C 24.710938 37 28.140625 35.804688 30.9375 33.78125 L 44.09375 46.90625 L 46.90625 44.09375 L 33.90625 31.0625 C 36.460938 28.085938 38 24.222656 38 20 C 38 10.621094 30.378906 3 21 3 Z M 21 5 C 29.296875 5 36 11.703125 36 20 C 36 28.296875 29.296875 35 21 35 C 12.703125 35 6 28.296875 6 20 C 6 11.703125 12.703125 5 21 5 Z\"><\/path><\/svg><\/div>\n    <\/div>\n\n    <div class='text'>\n        <h3>Italia nord-orientale: Friuli Venezia Giulia<\/h3>\n        <div class='excerpt'><p>Scoprite il Friuli Venezia Giulia, una destinazione segreta - situata nell'estremo nord-est dell'Italia - che ospita molti tesori: dalle meraviglie naturali al ricco patrimonio culturale fino alle delizie culinarie.<\/p><\/div>\n    <\/div>\n\n<\/a>\n\n<!-- template-parts\/teaser\/content.php -->\n\n<a id=\"post-6856\" class=\"listing-item post-6856 destinations type-destinations status-publish format-standard has-post-thumbnail hentry\" href='https:\/\/velstana.com\/it\/destinations\/slovenia\/'>\n\n    <div class='image' style=\"background-image: url('https:\/\/velstana.com\/wp-content\/uploads\/neven-krcmarek-pOWBHdgy1Lo-unsplash-480x360.jpg')\">\n        <div class='overlay'><svg xmlns=\"http:\/\/www.w3.org\/2000\/svg\" x=\"0px\" y=\"0px\"\nwidth=\"40\" height=\"40\"\nviewBox=\"0 0 50 50\"\nstyle=\" fill:#fff;\"><path d=\"M 21 3 C 11.621094 3 4 10.621094 4 20 C 4 29.378906 11.621094 37 21 37 C 24.710938 37 28.140625 35.804688 30.9375 33.78125 L 44.09375 46.90625 L 46.90625 44.09375 L 33.90625 31.0625 C 36.460938 28.085938 38 24.222656 38 20 C 38 10.621094 30.378906 3 21 3 Z M 21 5 C 29.296875 5 36 11.703125 36 20 C 36 28.296875 29.296875 35 21 35 C 12.703125 35 6 28.296875 6 20 C 6 11.703125 12.703125 5 21 5 Z\"><\/path><\/svg><\/div>\n    <\/div>\n\n    <div class='text'>\n        <h3>Slovenia<\/h3>\n        <div class='excerpt'><p>Scopri la Slovenia, una destinazione affascinante nel cuore dell'Europa che ha tanto da offrire, dalle meraviglie naturali al ricco patrimonio culturale alle delizie culinarie.<\/p><\/div>\n    <\/div>\n\n<\/a>\n\n<!-- template-parts\/teaser\/content.php -->\n\n<a id=\"post-6213\" class=\"listing-item post-6213 destinations type-destinations status-publish format-standard has-post-thumbnail hentry\" href='https:\/\/velstana.com\/it\/destinations\/sud-italia-basilicata\/'>\n\n    <div class='image' style=\"background-image: url('https:\/\/velstana.com\/wp-content\/uploads\/AdobeStock_215514454-480x360.jpeg')\">\n        <div class='overlay'><svg xmlns=\"http:\/\/www.w3.org\/2000\/svg\" x=\"0px\" y=\"0px\"\nwidth=\"40\" height=\"40\"\nviewBox=\"0 0 50 50\"\nstyle=\" fill:#fff;\"><path d=\"M 21 3 C 11.621094 3 4 10.621094 4 20 C 4 29.378906 11.621094 37 21 37 C 24.710938 37 28.140625 35.804688 30.9375 33.78125 L 44.09375 46.90625 L 46.90625 44.09375 L 33.90625 31.0625 C 36.460938 28.085938 38 24.222656 38 20 C 38 10.621094 30.378906 3 21 3 Z M 21 5 C 29.296875 5 36 11.703125 36 20 C 36 28.296875 29.296875 35 21 35 C 12.703125 35 6 28.296875 6 20 C 6 11.703125 12.703125 5 21 5 Z\"><\/path><\/svg><\/div>\n    <\/div>\n\n    <div class='text'>\n        <h3>Sud Italia: Basilicata<\/h3>\n        <div class='excerpt'><p>Scoprite la Basilicata, una destinazione fuori dai sentieri battuti del Sud Italia che \u00e8 rimasta segreta e ha molto da offrire a ogni viaggiatore, dal ricco patrimonio culturale al mare, dalla vita all'aria aperta alle delizie culinarie. <\/p><\/div>\n    <\/div>\n\n<\/a>\n\n<!-- template-parts\/teaser\/content.php -->\n\n<a id=\"post-5287\" class=\"listing-item post-5287 destinations type-destinations status-publish format-standard has-post-thumbnail hentry\" href='https:\/\/velstana.com\/it\/destinations\/puglia\/'>\n\n    <div class='image' style=\"background-image: url('https:\/\/velstana.com\/wp-content\/uploads\/AdobeStock_113801573-480x360.jpeg')\">\n        <div class='overlay'><svg xmlns=\"http:\/\/www.w3.org\/2000\/svg\" x=\"0px\" y=\"0px\"\nwidth=\"40\" height=\"40\"\nviewBox=\"0 0 50 50\"\nstyle=\" fill:#fff;\"><path d=\"M 21 3 C 11.621094 3 4 10.621094 4 20 C 4 29.378906 11.621094 37 21 37 C 24.710938 37 28.140625 35.804688 30.9375 33.78125 L 44.09375 46.90625 L 46.90625 44.09375 L 33.90625 31.0625 C 36.460938 28.085938 38 24.222656 38 20 C 38 10.621094 30.378906 3 21 3 Z M 21 5 C 29.296875 5 36 11.703125 36 20 C 36 28.296875 29.296875 35 21 35 C 12.703125 35 6 28.296875 6 20 C 6 11.703125 12.703125 5 21 5 Z\"><\/path><\/svg><\/div>\n    <\/div>\n\n    <div class='text'>\n        <h3>Sud Italia: Puglia<\/h3>\n        <div class='excerpt'><p>La Puglia offre la perfetta combinazione di un patrimonio culturale e architettonico unico, una costa spettacolare e spiagge da sogno, panorami naturali mozzafiato e avventure all'aria aperta, oltre a una cucina deliziosa.<\/p><\/div>\n    <\/div>\n\n<\/a>\n\n<!-- template-parts\/teaser\/content.php -->\n\n<a id=\"post-4507\" class=\"listing-item post-4507 destinations type-destinations status-publish format-standard has-post-thumbnail hentry\" href='https:\/\/velstana.com\/it\/destinations\/albania\/'>\n\n    <div class='image' style=\"background-image: url('https:\/\/velstana.com\/wp-content\/uploads\/AdobeStock_261858765-1-e1669885984485-480x360.jpeg')\">\n        <div class='overlay'><svg xmlns=\"http:\/\/www.w3.org\/2000\/svg\" x=\"0px\" y=\"0px\"\nwidth=\"40\" height=\"40\"\nviewBox=\"0 0 50 50\"\nstyle=\" fill:#fff;\"><path d=\"M 21 3 C 11.621094 3 4 10.621094 4 20 C 4 29.378906 11.621094 37 21 37 C 24.710938 37 28.140625 35.804688 30.9375 33.78125 L 44.09375 46.90625 L 46.90625 44.09375 L 33.90625 31.0625 C 36.460938 28.085938 38 24.222656 38 20 C 38 10.621094 30.378906 3 21 3 Z M 21 5 C 29.296875 5 36 11.703125 36 20 C 36 28.296875 29.296875 35 21 35 C 12.703125 35 6 28.296875 6 20 C 6 11.703125 12.703125 5 21 5 Z\"><\/path><\/svg><\/div>\n    <\/div>\n\n    <div class='text'>\n        <h3>Albania<\/h3>\n        <div class='excerpt'><p>Questo incredibile Paese \u00e8 un interessantissimo crocevia culturale con un passato straordinario. Oggi \u00e8 un vero paradiso per i viaggiatori dove potrai goderti il caldo mare turchese, le montagne panoramiche e molto altro!<\/p><\/div>\n    <\/div>\n\n<\/a>\n\n<!-- template-parts\/teaser\/content.php -->\n\n<a id=\"post-3491\" class=\"listing-item post-3491 destinations type-destinations status-publish format-standard has-post-thumbnail hentry\" href='https:\/\/velstana.com\/it\/destinations\/bulgaria\/'>\n\n    <div class='image' style=\"background-image: url('https:\/\/velstana.com\/wp-content\/uploads\/Example_Bulgaria_Culture-trip_Rila-monastery-with-frescoes-480x360.jpeg')\">\n        <div class='overlay'><svg xmlns=\"http:\/\/www.w3.org\/2000\/svg\" x=\"0px\" y=\"0px\"\nwidth=\"40\" height=\"40\"\nviewBox=\"0 0 50 50\"\nstyle=\" fill:#fff;\"><path d=\"M 21 3 C 11.621094 3 4 10.621094 4 20 C 4 29.378906 11.621094 37 21 37 C 24.710938 37 28.140625 35.804688 30.9375 33.78125 L 44.09375 46.90625 L 46.90625 44.09375 L 33.90625 31.0625 C 36.460938 28.085938 38 24.222656 38 20 C 38 10.621094 30.378906 3 21 3 Z M 21 5 C 29.296875 5 36 11.703125 36 20 C 36 28.296875 29.296875 35 21 35 C 12.703125 35 6 28.296875 6 20 C 6 11.703125 12.703125 5 21 5 Z\"><\/path><\/svg><\/div>\n    <\/div>\n\n    <div class='text'>\n        <h3>Bulgaria<\/h3>\n        <div class='excerpt'><p>Una destinazione con la sua affascinante miscela di natura, cultura e avventure ! <\/p><\/div>\n    <\/div>\n\n<\/a>\n        <\/div>\n    \n\n<\/div><\/div>\n<\/div><\/div><\/div>\n\n            <div class='alignfull reviews-shortcode '>\n            <div class=\"max-width-large\">\n                <h3 class=\"block-title\">Cosa dicono di noi i nostri clienti<\/h3>\n                <div class=\"reviews-container\">\n                    \n<div class=\"review-container\">\n    <div class=\"review\">\n\t<img loading=\"lazy\" decoding=\"async\" class=\"quote\" src=\"https:\/\/velstana.com\/wp-content\/themes\/go\/img\/double-quotes.png\" alt=\"quotes\" width=\"64\" height=\"64\" >\n\t<div class=\"review-content\">\n\t    <h3>La nostra meravigliosa vacanza in famiglia<\/h3>\n\t    <span class=\"go-foldable\"><span class=\"visible\">Abbiamo trascorso una fantastica vacanza in Bulgaria, che ha superato le nostre aspettative. Velstana ha creato un itinerario su misura adatto a noi. Volevamo essere pi\u00f9 fuori dai sentieri battuti ma comunque a nostro agio. Tutti gli hotel e le pensioni erano semplicemente perfetti.<\/span><span class=\"hidden\">via \nL'organizzazione del viaggio sottostante significava che non avevamo preoccupazioni durante il nostro viaggio. Tutto \u00e8 andato perfettamente ! \nIl Travel Book fornito da Velstana \u00e8 stato molto ben fatto e facile da usare sui nostri smartphone. Tutte le attivit\u00e0 incluse (come l'equitazione) erano molto belle. Tutti erano molto cordiali e ospitali. \nAbbiamo potuto conoscere la Bulgaria in un modo pi\u00f9 intimo, ed \u00e8 quello che volevamo fare. Nel complesso, l'itinerario \u00e8 stato ben pensato in modo da avere un misto di temi con un equilibrio di attivit\u00e0 e relax che corrispondeva alle nostre preferenze. Memorabile ! <\/span> <span class=\"read-more\">Leggi di pi\u00f9<\/span><span class=\"read-less\">Nascondi<\/span><\/span>\t<\/div>\n\t<div class=\"review-profile\">\n\t    <img loading=\"lazy\" decoding=\"async\" class=\"picture\" src=\"https:\/\/velstana.com\/wp-content\/themes\/go\/img\/review-profile.png\" alt=\"profile-picture\" width=\"32\" height=\"32\" \/>\n\t    <div class=\"name\">\n\t\t<strong>Claire, Johan e i loro 2 figli<\/strong>\n\t\tFamiglia\t    <\/div>\n\t<\/div>\n    <\/div>\n<\/div>\n<div class=\"review-container\">\n    <div class=\"review\">\n\t<img loading=\"lazy\" decoding=\"async\" class=\"quote\" src=\"https:\/\/velstana.com\/wp-content\/themes\/go\/img\/double-quotes.png\" alt=\"quotes\" width=\"64\" height=\"64\" >\n\t<div class=\"review-content\">\n\t    <h3>Una vacanza magica<\/h3>\n\t    <span class=\"go-foldable\"><span class=\"visible\">La vacanza pi\u00f9 rilassante che abbiamo mai fatto ! Non volevamo andarcene e saremmo assolutamente tornati negli stessi posti meravigliosi. <\/span><\/span>\t<\/div>\n\t<div class=\"review-profile\">\n\t    <img loading=\"lazy\" decoding=\"async\" class=\"picture\" src=\"https:\/\/velstana.com\/wp-content\/themes\/go\/img\/review-profile.png\" alt=\"profile-picture\" width=\"32\" height=\"32\" \/>\n\t    <div class=\"name\">\n\t\t<strong>Lea e Paul<\/strong>\n\t\tCoppia\t    <\/div>\n\t<\/div>\n    <\/div>\n<\/div>\n<div class=\"review-container\">\n    <div class=\"review\">\n\t<img loading=\"lazy\" decoding=\"async\" class=\"quote\" src=\"https:\/\/velstana.com\/wp-content\/themes\/go\/img\/double-quotes.png\" alt=\"quotes\" width=\"64\" height=\"64\" >\n\t<div class=\"review-content\">\n\t    <h3>Il nostro primo viaggio in Bulgaria<\/h3>\n\t    <span class=\"go-foldable\"><span class=\"visible\">E\u2019 stato il nostro primo viaggio in Bulgaria e siamo tornati felicissimi! Montagne superbe e borghi remoti, un comprensorio sciistico molto piacevole e moderno. Siamo stati in grado di scoprire la cultura bulgara, la sua cucina autentica e il suo ricco patrimonio storico. <\/span><span class=\"hidden\"> Tutto era perfettamente organizzato e personalizzato per soddisfare le nostre molteplici esigenze. Viaggeremo di nuovo con Velstana, senza dubbio, perch\u00e9 abbiamo ancora molto da esplorare !<\/span> <span class=\"read-more\">Leggi di pi\u00f9<\/span><span class=\"read-less\">Nascondi<\/span><\/span>\t<\/div>\n\t<div class=\"review-profile\">\n\t    <img loading=\"lazy\" decoding=\"async\" class=\"picture\" src=\"https:\/\/velstana.com\/wp-content\/themes\/go\/img\/review-profile.png\" alt=\"profile-picture\" width=\"32\" height=\"32\" \/>\n\t    <div class=\"name\">\n\t\t<strong>Stephanie e Antoine<\/strong>\n\t\tCoppia\t    <\/div>\n\t<\/div>\n    <\/div>\n<\/div>                <\/div>\n            <\/div>\n        <\/div>\n    \n\n\n<div class=\"alignfull create-your-trip-block\">\n\n    <div class='max-width'>\n\n\t<div class=\"content\">\n\n\t    <h3 class=\"block-title\">Pronto? Inizia a pianificare la tua vacanza<\/h3>\n\n\t    <div class='text'>\n\t\t<a href=\"https:\/\/velstana.com\/create-your-holidays\/\" class=\"btn btn-outline-bold\">Crea il tuo viaggio&nbsp;><\/a>\n\t    <\/div>\n\n\t<\/div>\n\n    <\/div>\n\n<\/div>\n","protected":false},"excerpt":{"rendered":"<p>Scopri le nostre destinazioni misteriose, multistrato e affascinanti come locale, non come turista. Affidati alla&hellip;<\/p>\n","protected":false},"author":1,"featured_media":2848,"parent":0,"menu_order":0,"comment_status":"closed","ping_status":"closed","template":"","meta":{"_acf_changed":false,"footnotes":""},"class_list":["post-3671","page","type-page","status-publish","has-post-thumbnail","hentry"],"acf":[],"_links":{"self":[{"href":"https:\/\/velstana.com\/it\/wp-json\/wp\/v2\/pages\/3671","targetHints":{"allow":["GET"]}}],"collection":[{"href":"https:\/\/velstana.com\/it\/wp-json\/wp\/v2\/pages"}],"about":[{"href":"https:\/\/velstana.com\/it\/wp-json\/wp\/v2\/types\/page"}],"author":[{"embeddable":true,"href":"https:\/\/velstana.com\/it\/wp-json\/wp\/v2\/users\/1"}],"replies":[{"embeddable":true,"href":"https:\/\/velstana.com\/it\/wp-json\/wp\/v2\/comments?post=3671"}],"version-history":[{"count":0,"href":"https:\/\/velstana.com\/it\/wp-json\/wp\/v2\/pages\/3671\/revisions"}],"wp:featuredmedia":[{"embeddable":true,"href":"https:\/\/velstana.com\/it\/wp-json\/wp\/v2\/media\/2848"}],"wp:attachment":[{"href":"https:\/\/velstana.com\/it\/wp-json\/wp\/v2\/media?parent=3671"}],"curies":[{"name":"wp","href":"https:\/\/api.w.org\/{rel}","templated":true}]}}